{"id":19,"date":"2022-07-14T16:00:47","date_gmt":"2022-07-14T16:00:47","guid":{"rendered":"http:\/\/cedehm.org.mx\/educacion\/inicio\/"},"modified":"2024-07-19T10:22:37","modified_gmt":"2024-07-19T17:22:37","slug":"inicio","status":"publish","type":"page","link":"https:\/\/cedehm.org.mx\/educacion\/","title":{"rendered":"Inicio"},"content":{"rendered":"\n<div class=\"wp-block-cover alignfull is-light has-custom-content-position is-position-center-left\" style=\"min-height:500px\"><span aria-hidden=\"true\" class=\"wp-block-cover__background has-background-dim-0 has-background-dim\"><\/span><img decoding=\"async\" loading=\"lazy\" width=\"1600\" height=\"800\" class=\"wp-block-cover__image-background wp-image-10\" alt=\"\" src=\"https:\/\/cedehm.org.mx\/educacion\/wp-content\/uploads\/2022\/07\/home-image-1.jpg\" data-object-fit=\"cover\" srcset=\"https:\/\/cedehm.org.mx\/educacion\/wp-content\/uploads\/2022\/07\/home-image-1.jpg 1600w, https:\/\/cedehm.org.mx\/educacion\/wp-content\/uploads\/2022\/07\/home-image-1-300x150.jpg 300w, https:\/\/cedehm.org.mx\/educacion\/wp-content\/uploads\/2022\/07\/home-image-1-1024x512.jpg 1024w, https:\/\/cedehm.org.mx\/educacion\/wp-content\/uploads\/2022\/07\/home-image-1-768x384.jpg 768w, https:\/\/cedehm.org.mx\/educacion\/wp-content\/uploads\/2022\/07\/home-image-1-1536x768.jpg 1536w\" sizes=\"(max-width: 1600px) 100vw, 1600px\" \/><div class=\"wp-block-cover__inner-container is-layout-flow wp-block-cover-is-layout-flow\">\n<h1 class=\"wp-block-heading has-text-color\" style=\"color:#72277a\">Talleres y Capacitaciones<\/h1>\n\n\n\n<p class=\"subtitbaner has-black-color has-text-color\">Convi\u00e9rtete en tu mejor versi\u00f3n posible.<br><\/p>\n\n\n\n<div class=\"wp-block-buttons is-layout-flex wp-block-buttons-is-layout-flex\">\n<div class=\"wp-block-button is-style-fill\"><a class=\"wp-block-button__link has-background wp-element-button\" href=\"https:\/\/cedehm.org.mx\/educacion\/mis-cursos\" style=\"background-color:#aa75c7\">Reg\u00edstrate ahora<\/a><\/div>\n<\/div>\n<\/div><\/div>\n\n\n\n<div class=\"wp-block-columns alignwide is-layout-flex wp-container-4 wp-block-columns-is-layout-flex\">\n<div class=\"wp-block-column is-layout-flow wp-block-column-is-layout-flow\">\n<h2 class=\"wp-block-heading has-text-align-left\">CEDEHM<\/h2>\n\n\n\n<p>En el CEDEHM, concebimos la educaci\u00f3n como un proceso de construcci\u00f3n colectivo, participativo, incluyente, plural, activo, que permite cimentar una comprensi\u00f3n cr\u00edtica de la realidad y un af\u00e1n transformador.<\/p>\n\n\n\n<p><\/p>\n\n\n\n<p>El \u00e1rea de Educaci\u00f3n tiene como objetivo desarrollar e implementar las estrategias institucionales de formaci\u00f3n, sensibilizaci\u00f3n y capacitaci\u00f3n, desde las perspectivas de derechos humanos y de g\u00e9nero, a las personas beneficiarias, defensoras de derechos humanos y servidoras p\u00fablicas con quienes el CEDEHM trabaja, con el prop\u00f3sito de fortalecer sus habilidades en relaci\u00f3n con la garant\u00eda y defensa de los derechos humanos, en el marco de las \u00e1reas program\u00e1ticas de la organizaci\u00f3n.<\/p>\n\n\n\n<p><a href=\"https:\/\/cedehm.org.mx\/educacion\/resumen-cursos\/\">Ver cursos \u2192<\/a><\/p>\n<\/div>\n<\/div>\n\n\n\n<figure class=\"wp-block-image alignfull size-large is-style-bottom-wave\"><img decoding=\"async\" loading=\"lazy\" width=\"1024\" height=\"504\" src=\"https:\/\/cedehm.org.mx\/educacion\/wp-content\/uploads\/2022\/09\/taller-bg-1024x504.jpeg\" alt=\"\" class=\"wp-image-537\" srcset=\"https:\/\/cedehm.org.mx\/educacion\/wp-content\/uploads\/2022\/09\/taller-bg-1024x504.jpeg 1024w, https:\/\/cedehm.org.mx\/educacion\/wp-content\/uploads\/2022\/09\/taller-bg-300x148.jpeg 300w, https:\/\/cedehm.org.mx\/educacion\/wp-content\/uploads\/2022\/09\/taller-bg-768x378.jpeg 768w, https:\/\/cedehm.org.mx\/educacion\/wp-content\/uploads\/2022\/09\/taller-bg-100x49.jpeg 100w, https:\/\/cedehm.org.mx\/educacion\/wp-content\/uploads\/2022\/09\/taller-bg-1536x755.jpeg 1536w, https:\/\/cedehm.org.mx\/educacion\/wp-content\/uploads\/2022\/09\/taller-bg-600x295.jpeg 600w, https:\/\/cedehm.org.mx\/educacion\/wp-content\/uploads\/2022\/09\/taller-bg.jpeg 1826w\" sizes=\"(max-width: 1024px) 100vw, 1024px\" \/><\/figure>\n\n\n\n<blockquote class=\"wp-block-quote has-text-align-center is-style-large has-small-font-size\">\n<p>\u201cNo puede esperar construir un mundo mejor sin mejorar a las personas. Cada uno de nosotros debe trabajar para su propia mejora\u201d <\/p>\n<cite>\u2013 Marie Curie.<\/cite><\/blockquote>\n\n\n\n<figure class=\"wp-block-gallery alignwide has-nested-images columns-default is-cropped wp-block-gallery-5 is-layout-flex wp-block-gallery-is-layout-flex\">\n<figure class=\"wp-block-image size-full\"><img decoding=\"async\" loading=\"lazy\" width=\"978\" height=\"792\" data-id=\"535\" src=\"https:\/\/cedehm.org.mx\/educacion\/wp-content\/uploads\/2022\/09\/img2.jpeg\" alt=\"\" class=\"wp-image-535\" srcset=\"https:\/\/cedehm.org.mx\/educacion\/wp-content\/uploads\/2022\/09\/img2.jpeg 978w, https:\/\/cedehm.org.mx\/educacion\/wp-content\/uploads\/2022\/09\/img2-300x243.jpeg 300w, https:\/\/cedehm.org.mx\/educacion\/wp-content\/uploads\/2022\/09\/img2-768x622.jpeg 768w, https:\/\/cedehm.org.mx\/educacion\/wp-content\/uploads\/2022\/09\/img2-100x81.jpeg 100w, https:\/\/cedehm.org.mx\/educacion\/wp-content\/uploads\/2022\/09\/img2-600x486.jpeg 600w\" sizes=\"(max-width: 978px) 100vw, 978px\" \/><\/figure>\n\n\n\n<figure class=\"wp-block-image size-full\"><img decoding=\"async\" loading=\"lazy\" width=\"900\" height=\"675\" data-id=\"539\" src=\"https:\/\/cedehm.org.mx\/educacion\/wp-content\/uploads\/2022\/09\/IMG_366_.jpeg\" alt=\"\" class=\"wp-image-539\" srcset=\"https:\/\/cedehm.org.mx\/educacion\/wp-content\/uploads\/2022\/09\/IMG_366_.jpeg 900w, https:\/\/cedehm.org.mx\/educacion\/wp-content\/uploads\/2022\/09\/IMG_366_-300x225.jpeg 300w, https:\/\/cedehm.org.mx\/educacion\/wp-content\/uploads\/2022\/09\/IMG_366_-768x576.jpeg 768w, https:\/\/cedehm.org.mx\/educacion\/wp-content\/uploads\/2022\/09\/IMG_366_-100x75.jpeg 100w, https:\/\/cedehm.org.mx\/educacion\/wp-content\/uploads\/2022\/09\/IMG_366_-600x450.jpeg 600w\" sizes=\"(max-width: 900px) 100vw, 900px\" \/><\/figure>\n<\/figure>\n\n\n\n<div class=\"wp-block-button aligncenter\"><a class=\"wp-block-button__link wp-element-button\" href=\"https:\/\/cedehm.org.mx\/educacion\/mis-cursos\/\">\u00danete hoy mismo<\/a><\/div>\n","protected":false},"excerpt":{"rendered":"<p>CEDEHM En el CEDEHM, concebimos la educaci\u00f3n como un proceso de construcci\u00f3n colectivo, participativo, incluyente, plural, activo, que permite cimentar una comprensi\u00f3n cr\u00edtica de la realidad y un af\u00e1n transformador. El \u00e1rea de Educaci\u00f3n tiene como objetivo desarrollar e implementar las estrategias institucionales de formaci\u00f3n, sensibilizaci\u00f3n y capacitaci\u00f3n, desde las perspectivas de derechos humanos y [&hellip;]<\/p>\n","protected":false},"author":1,"featured_media":0,"parent":0,"menu_order":0,"comment_status":"closed","ping_status":"closed","template":"","meta":{"hide_page_title":"","_coblocks_attr":"","_coblocks_dimensions":"","_coblocks_responsive_height":"","_coblocks_accordion_ie_support":"","footnotes":""},"_links":{"self":[{"href":"https:\/\/cedehm.org.mx\/educacion\/wp-json\/wp\/v2\/pages\/19"}],"collection":[{"href":"https:\/\/cedehm.org.mx\/educacion\/wp-json\/wp\/v2\/pages"}],"about":[{"href":"https:\/\/cedehm.org.mx\/educacion\/wp-json\/wp\/v2\/types\/page"}],"author":[{"embeddable":true,"href":"https:\/\/cedehm.org.mx\/educacion\/wp-json\/wp\/v2\/users\/1"}],"replies":[{"embeddable":true,"href":"https:\/\/cedehm.org.mx\/educacion\/wp-json\/wp\/v2\/comments?post=19"}],"version-history":[{"count":29,"href":"https:\/\/cedehm.org.mx\/educacion\/wp-json\/wp\/v2\/pages\/19\/revisions"}],"predecessor-version":[{"id":3111,"href":"https:\/\/cedehm.org.mx\/educacion\/wp-json\/wp\/v2\/pages\/19\/revisions\/3111"}],"wp:attachment":[{"href":"https:\/\/cedehm.org.mx\/educacion\/wp-json\/wp\/v2\/media?parent=19"}],"curies":[{"name":"wp","href":"https:\/\/api.w.org\/{rel}","templated":true}]}}