{"id":23,"date":"2022-07-14T16:00:47","date_gmt":"2022-07-14T16:00:47","guid":{"rendered":"http:\/\/cedehm.org.mx\/educacion\/contacto\/"},"modified":"2024-07-17T18:11:11","modified_gmt":"2024-07-18T01:11:11","slug":"contacto","status":"publish","type":"page","link":"https:\/\/cedehm.org.mx\/educacion\/contacto\/","title":{"rendered":"Contacto"},"content":{"rendered":"\n<figure class=\"wp-block-image alignwide size-full is-style-top-wave\"><img decoding=\"async\" loading=\"lazy\" width=\"752\" height=\"717\" src=\"https:\/\/cedehm.org.mx\/educacion\/wp-content\/uploads\/2022\/09\/img1.jpeg\" alt=\"\" class=\"wp-image-545\" srcset=\"https:\/\/cedehm.org.mx\/educacion\/wp-content\/uploads\/2022\/09\/img1.jpeg 752w, https:\/\/cedehm.org.mx\/educacion\/wp-content\/uploads\/2022\/09\/img1-300x286.jpeg 300w, https:\/\/cedehm.org.mx\/educacion\/wp-content\/uploads\/2022\/09\/img1-100x95.jpeg 100w, https:\/\/cedehm.org.mx\/educacion\/wp-content\/uploads\/2022\/09\/img1-600x572.jpeg 600w\" sizes=\"(max-width: 752px) 100vw, 752px\" \/><\/figure>\n\n\n\n<p>Durante la pandemia por COVID-19, te asesoramos de forma remota en los celulares: (614) 132.91.04 &amp; (614) 255.03.05, de lunes a viernes de 8:00 a 14:00 hrs. (CUU)<\/p>\n\n\n\n<p><\/p>\n\n\n\n<p>Av. Ju\u00e1rez 4107-B Col. Centro, Chihuahua, Chih., M\u00e9xico, C.P. 31000<\/p>\n\n\n\n<p>Tel\u00e9fono:&nbsp;<a href=\"tel:6144154152\">(614) 415 41 52<\/a><\/p>\n\n\n\n<p><\/p>\n\n\n\n<p><\/p>\n\n\n\n\t\t<div class=\"coblocks-form\" id=\"868ebef82d13a33b2adb555d6c59842404dee975\">\n\n\t\t\t\n\t\t\t<form action=\"https:\/\/cedehm.org.mx\/educacion\/contacto\/#868ebef82d13a33b2adb555d6c59842404dee975\" method=\"post\">\n\t\t\t\t\n<div class=\"wp-block-coblocks-form\"><label class=\"coblocks-label\">Name<\/label>\n\t\t<input type=\"hidden\" name=\"field-name[label]\" value=\"Name\">\n\n\t\t\t\t<input type=\"hidden\" id=\"name-field-id\" name=\"name-field-id\" class=\"coblocks-name-field-id\" value=\"field-name\" \/>\n\t\t\n\t\t<input type=\"text\" id=\"name\" name=\"field-name[value]\" class=\"coblocks-field coblocks-field--name\"  \/>\n\n\t\t\n\n<label class=\"coblocks-label\">Email <span class=\"required\">&#042;<\/span><\/label>\n\t\t<input type=\"hidden\" name=\"field-email[label]\" value=\"Email\">\n\n\t\t\n\t\t<input type=\"hidden\" id=\"email-field-id\" name=\"email-field-id\" class=\"coblocks-email-field-id\" value=\"field-email\" \/>\n\t\t<input type=\"email\" id=\"email\" aria-label=\"Email\" name=\"field-email[value]\" class=\"coblocks-field coblocks-field--email\" required \/>\n\n\t\t\n\n<label class=\"coblocks-label\">Message <span class=\"required\">&#042;<\/span><\/label>\n\t\t<input type=\"hidden\" name=\"field-message[label]\" value=\"Message\">\n\n\t\t\n\t\t<textarea name=\"field-message[value]\" aria-label=\"Message\" id=\"message\" class=\"coblocks-field coblocks-textarea\" rows=\"20\" required><\/textarea>\n\n\t\t\n\n\n\t\t<div class=\"coblocks-form__submit wp-block-button\">\n\t\t\t<button type=\"submit\" class=\"wp-block-button__link\" style=\"\">Comun\u00edcate con nosotros<\/button>\n\t\t\t<input type=\"hidden\" id=\"form-submit\" name=\"form-submit\" value=\"e13edf18a1\" \/><input type=\"hidden\" name=\"_wp_http_referer\" value=\"\/educacion\/wp-json\/wp\/v2\/pages\/23\" \/>\t\t\t<input type=\"hidden\" name=\"action\" value=\"coblocks-form-submit\">\n\n\t\t\t\t\t<\/div>\n\n\t\t<\/div>\n\t\t\t\t<input class=\"coblocks-field verify\" aria-label=\"Introduce tu direcci\u00f3n de correo electr\u00f3nico para verificarla\" type=\"email\" name=\"coblocks-verify-email\" autocomplete=\"off\" placeholder=\"Correo electr\u00f3nico\" tabindex=\"-1\">\n\t\t\t\t<input type=\"hidden\" name=\"form-hash\" value=\"868ebef82d13a33b2adb555d6c59842404dee975\">\n\n\t\t\t\t\t\t\t<\/form>\n\n\t\t<\/div>\n\n\t\t\n\n\n<figure class=\"wp-block-gallery alignwide has-nested-images columns-default is-cropped wp-block-gallery-1 is-layout-flex wp-block-gallery-is-layout-flex\">\n<figure class=\"wp-block-image size-full\"><img decoding=\"async\" loading=\"lazy\" width=\"900\" height=\"600\" data-id=\"547\" src=\"https:\/\/cedehm.org.mx\/educacion\/wp-content\/uploads\/2022\/09\/IMG_5895.jpeg\" alt=\"\" class=\"wp-image-547\" srcset=\"https:\/\/cedehm.org.mx\/educacion\/wp-content\/uploads\/2022\/09\/IMG_5895.jpeg 900w, https:\/\/cedehm.org.mx\/educacion\/wp-content\/uploads\/2022\/09\/IMG_5895-300x200.jpeg 300w, https:\/\/cedehm.org.mx\/educacion\/wp-content\/uploads\/2022\/09\/IMG_5895-768x512.jpeg 768w, https:\/\/cedehm.org.mx\/educacion\/wp-content\/uploads\/2022\/09\/IMG_5895-100x67.jpeg 100w, https:\/\/cedehm.org.mx\/educacion\/wp-content\/uploads\/2022\/09\/IMG_5895-600x400.jpeg 600w\" sizes=\"(max-width: 900px) 100vw, 900px\" \/><\/figure>\n\n\n\n<figure class=\"wp-block-image size-full\"><img decoding=\"async\" loading=\"lazy\" width=\"900\" height=\"600\" data-id=\"548\" src=\"https:\/\/cedehm.org.mx\/educacion\/wp-content\/uploads\/2022\/09\/IMG_4376.jpeg\" alt=\"\" class=\"wp-image-548\" srcset=\"https:\/\/cedehm.org.mx\/educacion\/wp-content\/uploads\/2022\/09\/IMG_4376.jpeg 900w, https:\/\/cedehm.org.mx\/educacion\/wp-content\/uploads\/2022\/09\/IMG_4376-300x200.jpeg 300w, https:\/\/cedehm.org.mx\/educacion\/wp-content\/uploads\/2022\/09\/IMG_4376-768x512.jpeg 768w, https:\/\/cedehm.org.mx\/educacion\/wp-content\/uploads\/2022\/09\/IMG_4376-100x67.jpeg 100w, https:\/\/cedehm.org.mx\/educacion\/wp-content\/uploads\/2022\/09\/IMG_4376-600x400.jpeg 600w\" sizes=\"(max-width: 900px) 100vw, 900px\" \/><\/figure>\n\n\n\n<figure class=\"wp-block-image size-large\"><img decoding=\"async\" loading=\"lazy\" width=\"1024\" height=\"504\" data-id=\"537\" src=\"https:\/\/cedehm.org.mx\/educacion\/wp-content\/uploads\/2022\/09\/taller-bg-1024x504.jpeg\" alt=\"\" class=\"wp-image-537\" srcset=\"https:\/\/cedehm.org.mx\/educacion\/wp-content\/uploads\/2022\/09\/taller-bg-1024x504.jpeg 1024w, https:\/\/cedehm.org.mx\/educacion\/wp-content\/uploads\/2022\/09\/taller-bg-300x148.jpeg 300w, https:\/\/cedehm.org.mx\/educacion\/wp-content\/uploads\/2022\/09\/taller-bg-768x378.jpeg 768w, https:\/\/cedehm.org.mx\/educacion\/wp-content\/uploads\/2022\/09\/taller-bg-100x49.jpeg 100w, https:\/\/cedehm.org.mx\/educacion\/wp-content\/uploads\/2022\/09\/taller-bg-1536x755.jpeg 1536w, https:\/\/cedehm.org.mx\/educacion\/wp-content\/uploads\/2022\/09\/taller-bg-600x295.jpeg 600w, https:\/\/cedehm.org.mx\/educacion\/wp-content\/uploads\/2022\/09\/taller-bg.jpeg 1826w\" sizes=\"(max-width: 1024px) 100vw, 1024px\" \/><\/figure>\n<\/figure>\n","protected":false},"excerpt":{"rendered":"<p>Durante la pandemia por COVID-19, te asesoramos de forma remota en los celulares: (614) 132.91.04 &amp; (614) 255.03.05, de lunes a viernes de 8:00 a 14:00 hrs. (CUU) Av. Ju\u00e1rez 4107-B Col. Centro, Chihuahua, Chih., M\u00e9xico, C.P. 31000 Tel\u00e9fono:&nbsp;(614) 415 41 52<\/p>\n","protected":false},"author":1,"featured_media":0,"parent":0,"menu_order":0,"comment_status":"closed","ping_status":"closed","template":"","meta":{"hide_page_title":"","_coblocks_attr":"","_coblocks_dimensions":"","_coblocks_responsive_height":"","_coblocks_accordion_ie_support":"","footnotes":""},"_links":{"self":[{"href":"https:\/\/cedehm.org.mx\/educacion\/wp-json\/wp\/v2\/pages\/23"}],"collection":[{"href":"https:\/\/cedehm.org.mx\/educacion\/wp-json\/wp\/v2\/pages"}],"about":[{"href":"https:\/\/cedehm.org.mx\/educacion\/wp-json\/wp\/v2\/types\/page"}],"author":[{"embeddable":true,"href":"https:\/\/cedehm.org.mx\/educacion\/wp-json\/wp\/v2\/users\/1"}],"replies":[{"embeddable":true,"href":"https:\/\/cedehm.org.mx\/educacion\/wp-json\/wp\/v2\/comments?post=23"}],"version-history":[{"count":9,"href":"https:\/\/cedehm.org.mx\/educacion\/wp-json\/wp\/v2\/pages\/23\/revisions"}],"predecessor-version":[{"id":3102,"href":"https:\/\/cedehm.org.mx\/educacion\/wp-json\/wp\/v2\/pages\/23\/revisions\/3102"}],"wp:attachment":[{"href":"https:\/\/cedehm.org.mx\/educacion\/wp-json\/wp\/v2\/media?parent=23"}],"curies":[{"name":"wp","href":"https:\/\/api.w.org\/{rel}","templated":true}]}}