{"id":153,"date":"2020-12-31T04:04:16","date_gmt":"2020-12-31T04:04:16","guid":{"rendered":"http:\/\/localhost\/2020\/cedehm\/?page_id=153"},"modified":"2021-02-11T17:48:02","modified_gmt":"2021-02-11T17:48:02","slug":"acompanamiento-victimas-de-violencias-de-genero","status":"publish","type":"page","link":"https:\/\/cedehm.org.mx\/es\/acompanamiento-victimas-de-violencias-de-genero\/","title":{"rendered":"Acompa\u00f1amiento a mujeres, ni\u00f1as y ni\u00f1os v\u00edctimas de violencias de g\u00e9nero"},"content":{"rendered":"","protected":false},"excerpt":{"rendered":"","protected":false},"author":1,"featured_media":0,"parent":0,"menu_order":0,"comment_status":"closed","ping_status":"closed","template":"","meta":{"footnotes":""},"class_list":["post-153","page","type-page","status-publish","hentry"],"_links":{"self":[{"href":"https:\/\/cedehm.org.mx\/es\/wp-json\/wp\/v2\/pages\/153","targetHints":{"allow":["GET"]}}],"collection":[{"href":"https:\/\/cedehm.org.mx\/es\/wp-json\/wp\/v2\/pages"}],"about":[{"href":"https:\/\/cedehm.org.mx\/es\/wp-json\/wp\/v2\/types\/page"}],"author":[{"embeddable":true,"href":"https:\/\/cedehm.org.mx\/es\/wp-json\/wp\/v2\/users\/1"}],"replies":[{"embeddable":true,"href":"https:\/\/cedehm.org.mx\/es\/wp-json\/wp\/v2\/comments?post=153"}],"version-history":[{"count":0,"href":"https:\/\/cedehm.org.mx\/es\/wp-json\/wp\/v2\/pages\/153\/revisions"}],"wp:attachment":[{"href":"https:\/\/cedehm.org.mx\/es\/wp-json\/wp\/v2\/media?parent=153"}],"curies":[{"name":"wp","href":"https:\/\/api.w.org\/{rel}","templated":true}]}}