{"id":2670,"date":"2021-07-06T22:34:07","date_gmt":"2021-07-07T04:34:07","guid":{"rendered":"https:\/\/cedehm.org.mx\/es\/?page_id=2670"},"modified":"2022-03-02T13:43:08","modified_gmt":"2022-03-02T20:43:08","slug":"impactos-de-la-impunidad","status":"publish","type":"page","link":"https:\/\/cedehm.org.mx\/es\/donde-estan\/impactos-de-la-impunidad\/","title":{"rendered":"Impactos de la impunidad"},"content":{"rendered":"\n<p>En M\u00e9xico hay registro de m\u00e1s de 80 mil personas desaparecidas desde la d\u00e9cada de los 60s y hasta diciembre del 2021. La mayor parte de estas desapariciones ocurren a partir de 2006, cuando inici\u00f3 la \u201cGuerra contra el narcotr\u00e1fico\u201d.<\/p>\n\n\n\n<p>Desde que en el a\u00f1o 2006 que inici\u00f3 la \u201cGuerra contra el narcotr\u00e1fico\u201d, el crimen, la inseguridad y la violencia se han disparado en todos los \u00e1mbitos de nuestra vida social.<\/p>\n\n\n\n<p>En M\u00e9xico es com\u00fan que, en las zonas en las que se producen o comercializan drogas, exista complicidad entre los carteles del narcotr\u00e1fico y los cuerpos policiacos.<\/p>\n\n\n\n<p>Hay evidencia de que, en nuestro pa\u00eds, numerosas personas han sido desaparecidas por polic\u00edas, o bien, en complicidad con estos.&nbsp;<\/p>\n\n\n\n<p>Los altos \u00edndices de impunidad, inseguridad y violencia, generan miedo y desconfianza en nuestras autoridades. Por esta raz\u00f3n, algunas familias no suelen reportar la desaparici\u00f3n de un ser querido.<\/p>\n\n\n\n<p><a>Se estima que menos del 1% de los casos de personas desaparecidas son llevados ante la justicia.<\/a><\/p>\n\n\n\n<p>Aunque exista una denuncia formal ante el Ministerio P\u00fablico, muy pocos casos de personas desaparecidas llegan a judicializarse: los responsables no son detenidos ni presentados ante un juez y tampoco se inicia un proceso penal para sancionarlos.<\/p>\n\n\n\n<p><a>En el estado de Chihuahua s\u00f3lo cinco casos de personas desaparecidas han llegado a juicio y han obtenido una sentencia condenatoria contra los responsables.<\/a><\/p>\n\n\n\n<p><em>\u00bfDe qu\u00e9 me sirve que los culpables est\u00e9n en la c\u00e1rcel, si no s\u00e9 d\u00f3nde est\u00e1 mi hijo?<\/em> A\u00fan en los pocos casos en los que se condena a los responsables, se desconoce el paradero y el destino final de las personas desaparecidas: los criminales no confiesan qu\u00e9 pas\u00f3 con ellas.<\/p>\n","protected":false},"excerpt":{"rendered":"<p>En M\u00e9xico hay registro de m\u00e1s de 80 mil personas desaparecidas desde la d\u00e9cada de los 60s y hasta diciembre del 2021. La mayor parte de estas desapariciones ocurren a partir de 2006, cuando inici\u00f3 la \u201cGuerra contra el narcotr\u00e1fico\u201d. Desde que en el a\u00f1o 2006 que inici\u00f3 la \u201cGuerra contra el narcotr\u00e1fico\u201d, el crimen, [&hellip;]<\/p>\n","protected":false},"author":1,"featured_media":2671,"parent":2655,"menu_order":1,"comment_status":"closed","ping_status":"closed","template":"page_microsite-dondeestan.php","meta":{"footnotes":""},"class_list":["post-2670","page","type-page","status-publish","has-post-thumbnail","hentry"],"_links":{"self":[{"href":"https:\/\/cedehm.org.mx\/es\/wp-json\/wp\/v2\/pages\/2670","targetHints":{"allow":["GET"]}}],"collection":[{"href":"https:\/\/cedehm.org.mx\/es\/wp-json\/wp\/v2\/pages"}],"about":[{"href":"https:\/\/cedehm.org.mx\/es\/wp-json\/wp\/v2\/types\/page"}],"author":[{"embeddable":true,"href":"https:\/\/cedehm.org.mx\/es\/wp-json\/wp\/v2\/users\/1"}],"replies":[{"embeddable":true,"href":"https:\/\/cedehm.org.mx\/es\/wp-json\/wp\/v2\/comments?post=2670"}],"version-history":[{"count":0,"href":"https:\/\/cedehm.org.mx\/es\/wp-json\/wp\/v2\/pages\/2670\/revisions"}],"up":[{"embeddable":true,"href":"https:\/\/cedehm.org.mx\/es\/wp-json\/wp\/v2\/pages\/2655"}],"wp:featuredmedia":[{"embeddable":true,"href":"https:\/\/cedehm.org.mx\/es\/wp-json\/wp\/v2\/media\/2671"}],"wp:attachment":[{"href":"https:\/\/cedehm.org.mx\/es\/wp-json\/wp\/v2\/media?parent=2670"}],"curies":[{"name":"wp","href":"https:\/\/api.w.org\/{rel}","templated":true}]}}