{"id":2685,"date":"2021-07-06T22:37:18","date_gmt":"2021-07-07T04:37:18","guid":{"rendered":"https:\/\/cedehm.org.mx\/es\/?page_id=2685"},"modified":"2022-03-03T13:19:47","modified_gmt":"2022-03-03T20:19:47","slug":"causas-de-las-desapariciones","status":"publish","type":"page","link":"https:\/\/cedehm.org.mx\/es\/donde-estan\/causas-de-las-desapariciones\/","title":{"rendered":"Causas de las desapariciones"},"content":{"rendered":"\n<p>En Chihuahua como en M\u00e9xico, la mayor parte de las personas desaparecidas son hombres j\u00f3venes y adultos de 20 a 39 a\u00f1os. Su desaparici\u00f3n se da en un contexto de confrontaci\u00f3n entre diversos grupos del narcotr\u00e1fico y crimen organizado. Las evidencias se\u00f1alan que estos hombres, en su  mayor\u00eda, nunca consumieron ni comercializaron drogas.<\/p>\n\n\n\n<p>La violencia y las desapariciones se exacerbaron en nuestro estado a partir de la llamada \u201cGuerra contra el narcotr\u00e1fico\u201d, iniciada por el entonces presidente Felipe Calder\u00f3n en el a\u00f1o 2006. Durante el periodo m\u00e1s violento, ocurr\u00edan innumerables homicidios a lo largo y ancho de la entidad.<\/p>\n\n\n\n<p>De manera particular, en el municipio de Cuauht\u00e9moc no se hablaba de asesinatos, sino de desapariciones. Se cree que los grupos delictivos pretend\u00edan guardar las apariencias en \u201czonas tranquilas\u201d libres de violencia. Al igual que en el resto del pa\u00eds, las familias comenzaron a denunciar estos hechos y a visibilizar este problema que, en muchas ocasiones, los criminales realizaban en complicidad con las autoridades y cuerpos policiacos.<\/p>\n\n\n\n<p>En algunos casos, los varones desaparecidos dejaron sus casas bajo la promesa de ser contratados en trabajos bien remunerados, pero no se volvi\u00f3 a saber de ellos. En otros, se sabe que los desaparecidos son simplemente j\u00f3venes a quienes los criminales confundieron con miembros de grupos o carteles contrarios.<\/p>\n\n\n\n<p>Hombres a quienes los delincuentes se han llevado y dejado con vida se\u00f1alan haber sido interrogados con preguntas del tipo \u201c\u00bfVendes droga?\u201d \u201c\u00bfConoces a\u2026?\u201d \u201c\u00bfTrabajas para\u2026?\u201d Otros sobrevivientes han narrado que personas en calidad de desaparecidas han sido asesinadas y sus cuerpos ocultados o incinerados para no dejar evidencias.<\/p>\n","protected":false},"excerpt":{"rendered":"<p>En Chihuahua como en M\u00e9xico, la mayor parte de las personas desaparecidas son hombres j\u00f3venes y adultos de 20 a 39 a\u00f1os. Su desaparici\u00f3n se da en un contexto de confrontaci\u00f3n entre diversos grupos del narcotr\u00e1fico y crimen organizado. Las evidencias se\u00f1alan que estos hombres, en su mayor\u00eda, nunca consumieron ni comercializaron drogas. La violencia [&hellip;]<\/p>\n","protected":false},"author":1,"featured_media":2774,"parent":2655,"menu_order":3,"comment_status":"closed","ping_status":"closed","template":"page_microsite-dondeestan.php","meta":{"footnotes":""},"class_list":["post-2685","page","type-page","status-publish","has-post-thumbnail","hentry"],"_links":{"self":[{"href":"https:\/\/cedehm.org.mx\/es\/wp-json\/wp\/v2\/pages\/2685","targetHints":{"allow":["GET"]}}],"collection":[{"href":"https:\/\/cedehm.org.mx\/es\/wp-json\/wp\/v2\/pages"}],"about":[{"href":"https:\/\/cedehm.org.mx\/es\/wp-json\/wp\/v2\/types\/page"}],"author":[{"embeddable":true,"href":"https:\/\/cedehm.org.mx\/es\/wp-json\/wp\/v2\/users\/1"}],"replies":[{"embeddable":true,"href":"https:\/\/cedehm.org.mx\/es\/wp-json\/wp\/v2\/comments?post=2685"}],"version-history":[{"count":0,"href":"https:\/\/cedehm.org.mx\/es\/wp-json\/wp\/v2\/pages\/2685\/revisions"}],"up":[{"embeddable":true,"href":"https:\/\/cedehm.org.mx\/es\/wp-json\/wp\/v2\/pages\/2655"}],"wp:featuredmedia":[{"embeddable":true,"href":"https:\/\/cedehm.org.mx\/es\/wp-json\/wp\/v2\/media\/2774"}],"wp:attachment":[{"href":"https:\/\/cedehm.org.mx\/es\/wp-json\/wp\/v2\/media?parent=2685"}],"curies":[{"name":"wp","href":"https:\/\/api.w.org\/{rel}","templated":true}]}}