{"id":2695,"date":"2021-07-06T22:38:30","date_gmt":"2021-07-07T04:38:30","guid":{"rendered":"https:\/\/cedehm.org.mx\/es\/?page_id=2695"},"modified":"2022-03-04T10:00:07","modified_gmt":"2022-03-04T17:00:07","slug":"danos-colaterales","status":"publish","type":"page","link":"https:\/\/cedehm.org.mx\/es\/donde-estan\/danos-colaterales\/","title":{"rendered":"Da\u00f1os colaterales"},"content":{"rendered":"\n<p>La desaparici\u00f3n de una persona es una tragedia de enormes proporciones por la que ninguna familia deber\u00eda atravesar. Adem\u00e1s del dolor que causa la desaparici\u00f3n de una hija o un hijo, muchas de las madres y sus familias sufren impactos colaterales sobre sus redes de apoyo, su salud f\u00edsica y emocional, su seguridad y sobre la econom\u00eda del hogar.<\/p>\n\n\n\n<p><\/p>\n\n\n\n<figure class=\"wp-block-embed alignright is-type-video is-provider-youtube wp-block-embed-youtube wp-embed-aspect-16-9 wp-has-aspect-ratio\"><div class=\"wp-block-embed__wrapper\">\n<iframe loading=\"lazy\" title=\"Eric Gustavo Ortega Chavira - Efectos en la salud\" width=\"500\" height=\"281\" src=\"https:\/\/www.youtube.com\/embed\/TQOeZv1GsaI?feature=oembed\" frameborder=\"0\" allow=\"accelerometer; autoplay; clipboard-write; encrypted-media; gyroscope; picture-in-picture; web-share\" referrerpolicy=\"strict-origin-when-cross-origin\" allowfullscreen><\/iframe>\n<\/div><figcaption>Testimonio de Norma Chavira<\/figcaption><\/figure>\n","protected":false},"excerpt":{"rendered":"<p>La desaparici\u00f3n de una persona es una tragedia de enormes proporciones por la que ninguna familia deber\u00eda atravesar. Adem\u00e1s del dolor que causa la desaparici\u00f3n de una hija o un hijo, muchas de las madres y sus familias sufren impactos colaterales sobre sus redes de apoyo, su salud f\u00edsica y emocional, su seguridad y sobre [&hellip;]<\/p>\n","protected":false},"author":1,"featured_media":2775,"parent":2655,"menu_order":4,"comment_status":"closed","ping_status":"closed","template":"page_microsite-dondeestan.php","meta":{"footnotes":""},"class_list":["post-2695","page","type-page","status-publish","has-post-thumbnail","hentry"],"_links":{"self":[{"href":"https:\/\/cedehm.org.mx\/es\/wp-json\/wp\/v2\/pages\/2695","targetHints":{"allow":["GET"]}}],"collection":[{"href":"https:\/\/cedehm.org.mx\/es\/wp-json\/wp\/v2\/pages"}],"about":[{"href":"https:\/\/cedehm.org.mx\/es\/wp-json\/wp\/v2\/types\/page"}],"author":[{"embeddable":true,"href":"https:\/\/cedehm.org.mx\/es\/wp-json\/wp\/v2\/users\/1"}],"replies":[{"embeddable":true,"href":"https:\/\/cedehm.org.mx\/es\/wp-json\/wp\/v2\/comments?post=2695"}],"version-history":[{"count":0,"href":"https:\/\/cedehm.org.mx\/es\/wp-json\/wp\/v2\/pages\/2695\/revisions"}],"up":[{"embeddable":true,"href":"https:\/\/cedehm.org.mx\/es\/wp-json\/wp\/v2\/pages\/2655"}],"wp:featuredmedia":[{"embeddable":true,"href":"https:\/\/cedehm.org.mx\/es\/wp-json\/wp\/v2\/media\/2775"}],"wp:attachment":[{"href":"https:\/\/cedehm.org.mx\/es\/wp-json\/wp\/v2\/media?parent=2695"}],"curies":[{"name":"wp","href":"https:\/\/api.w.org\/{rel}","templated":true}]}}