{"id":2716,"date":"2021-07-06T22:42:42","date_gmt":"2021-07-06T22:42:42","guid":{"rendered":"https:\/\/cedehm.org.mx\/es\/?page_id=2716"},"modified":"2021-09-22T09:45:20","modified_gmt":"2021-09-22T15:45:20","slug":"impactos-sobre-su-seguridad","status":"publish","type":"page","link":"https:\/\/cedehm.org.mx\/es\/donde-estan\/danos-colaterales\/impactos-sobre-su-seguridad\/","title":{"rendered":"Impactos sobre su seguridad"},"content":{"rendered":"\n<p>Muchas familias de personas desaparecidas son v\u00edctimas de amenazas o agresiones por parte de los criminales responsables de la desaparici\u00f3n de sus seres queridos. Por lo anterior, deben desplazarse y mudarse de ciudad, estado o pa\u00eds, para salvaguardar su vida e integridad. Asimismo, muchas madres con hijas e hijos desaparecidos viven con miedo de salir o alejarse de sus domicilios y con el temor constante de que otro integrante de su familia pueda desaparecer.<\/p>\n\n\n\n<p><strong>Testimonios<\/strong><\/p>\n\n\n\n<p>\u00abMi hermano era due\u00f1o de una farmacia, le pidieron \u00b4cuota\u00b4 y fue desaparecido. Su pareja se qued\u00f3 sin \u00e9l, embarazada. <strong>Tuvo que mudarse a otro estado porque se sent\u00eda insegura<\/strong>. Hay un detenido por la desaparici\u00f3n de mi hermano, tenemos miedo.\u00bb<\/p>\n\n\n\n<p>\u00ab<strong>Mi sobrino sigue desaparecido<\/strong>, aunque pagamos dinero y una camioneta por su rescate. Hay un detenido, pero las investigaciones no avanzan. <strong>Su esposa tuvo que huir a otro estado<\/strong>. Todav\u00eda la hostigan y la amenazan: le dicen que si vuelve, le har\u00e1n da\u00f1o.\u00bb<\/p>\n\n\n\n<div class=\"wp-block-image\"><figure class=\"aligncenter size-large is-resized\"><img loading=\"lazy\" decoding=\"async\" src=\"https:\/\/cedehm.org.mx\/es\/wp-content\/uploads\/2021\/07\/Des_Foto16.jpg\" alt=\"\" class=\"wp-image-2831\" width=\"682\" height=\"455\" srcset=\"https:\/\/cedehm.org.mx\/es\/wp-content\/uploads\/2021\/07\/Des_Foto16.jpg 909w, https:\/\/cedehm.org.mx\/es\/wp-content\/uploads\/2021\/07\/Des_Foto16-300x200.jpg 300w, https:\/\/cedehm.org.mx\/es\/wp-content\/uploads\/2021\/07\/Des_Foto16-768x512.jpg 768w\" sizes=\"auto, (max-width: 682px) 100vw, 682px\" \/><\/figure><\/div>\n","protected":false},"excerpt":{"rendered":"<p>Muchas familias de personas desaparecidas son v\u00edctimas de amenazas o agresiones por parte de los criminales responsables de la desaparici\u00f3n de sus seres queridos. Por lo anterior, deben desplazarse y mudarse de ciudad, estado o pa\u00eds, para salvaguardar su vida e integridad. Asimismo, muchas madres con hijas e hijos desaparecidos viven con miedo de salir [&hellip;]<\/p>\n","protected":false},"author":1,"featured_media":0,"parent":2695,"menu_order":3,"comment_status":"closed","ping_status":"closed","template":"page_microsite-dondeestan.php","meta":{"footnotes":""},"class_list":["post-2716","page","type-page","status-publish","hentry"],"_links":{"self":[{"href":"https:\/\/cedehm.org.mx\/es\/wp-json\/wp\/v2\/pages\/2716","targetHints":{"allow":["GET"]}}],"collection":[{"href":"https:\/\/cedehm.org.mx\/es\/wp-json\/wp\/v2\/pages"}],"about":[{"href":"https:\/\/cedehm.org.mx\/es\/wp-json\/wp\/v2\/types\/page"}],"author":[{"embeddable":true,"href":"https:\/\/cedehm.org.mx\/es\/wp-json\/wp\/v2\/users\/1"}],"replies":[{"embeddable":true,"href":"https:\/\/cedehm.org.mx\/es\/wp-json\/wp\/v2\/comments?post=2716"}],"version-history":[{"count":0,"href":"https:\/\/cedehm.org.mx\/es\/wp-json\/wp\/v2\/pages\/2716\/revisions"}],"up":[{"embeddable":true,"href":"https:\/\/cedehm.org.mx\/es\/wp-json\/wp\/v2\/pages\/2695"}],"wp:attachment":[{"href":"https:\/\/cedehm.org.mx\/es\/wp-json\/wp\/v2\/media?parent=2716"}],"curies":[{"name":"wp","href":"https:\/\/api.w.org\/{rel}","templated":true}]}}