{"id":2722,"date":"2021-07-06T22:43:28","date_gmt":"2021-07-06T22:43:28","guid":{"rendered":"https:\/\/cedehm.org.mx\/es\/?page_id=2722"},"modified":"2021-09-22T09:46:25","modified_gmt":"2021-09-22T15:46:25","slug":"impactos-sobre-la-economia-del-hogar","status":"publish","type":"page","link":"https:\/\/cedehm.org.mx\/es\/donde-estan\/danos-colaterales\/impactos-sobre-la-economia-del-hogar\/","title":{"rendered":"Impactos sobre la econom\u00eda del hogar"},"content":{"rendered":"\n<p>Las personas desaparecidas pertenecen a la clase trabajadora de la sociedad chihuahuense. Despu\u00e9s de su desaparici\u00f3n, las responsabilidades e ingresos econ\u00f3micos de sus familiares cambian radicalmente y hay graves consecuencias econ\u00f3micas para sus familias.<\/p>\n\n\n\n<p>Las madres son quienes principalmente buscan a sus hijas e hijos desaparecidos. Antes de la desaparici\u00f3n, la mayor\u00eda de estas mujeres se dedicaban al hogar, a labores de cuidado o a la limpieza dom\u00e9stica. Tambi\u00e9n sol\u00edan tener peque\u00f1os negocios de comercio informal. Por su edad, algunas de ellas suelen ser pensionadas.<\/p>\n\n\n\n<p>Cuando una hija o un hijo desaparece, las madres abandonan sus trabajos para dedicarse por completo a las tareas de b\u00fasqueda y dar seguimiento a los procesos legales. Mientras tanto, los padres contin\u00faan trabajando y se convierten en el \u00fanico sustento econ\u00f3mico del hogar.<\/p>\n\n\n\n<p>Si la persona desaparecida era el principal proveedor econ\u00f3mico de su hogar, su madre debe dedicar todo su tiempo para sostener a la familia y buscar ingresos adicionales para poder subsistir, mientras contin\u00faa en la b\u00fasqueda de su hija o hijo. En estos casos las familias se empobrecen notablemente.<\/p>\n\n\n\n<p>Cuando hay nietas o nietos de por medio, la madre de la persona desaparecida suele adquirir m\u00e1s responsabilidades econ\u00f3micas, as\u00ed como una mayor carga de trabajo y cuidados en el hogar.<\/p>\n\n\n\n<p><strong>Testimonios<\/strong><\/p>\n\n\n\n<p>\u00abLa desaparici\u00f3n de mi hijo nos trajo consecuencias muy graves. Una de nosotras se mud\u00f3 de ciudad porque se qued\u00f3 sin sustento. <strong>La econom\u00eda familiar se nulific\u00f3<\/strong>, \u00e9l era el jefe de familia que prove\u00eda.\u00bb<\/p>\n\n\n\n<p>\u00abMi hijo lleva cuatro a\u00f1os desaparecido. <strong>\u00c9l me apoyaba con 2 mil 500 pesos para mi manutenci\u00f3n<\/strong>.\u00bb<\/p>\n\n\n\n<p>\u00ab<strong>Muchas personas dejan de buscar sus desaparecidos porque o los buscas o trabajas<\/strong>. A veces s\u00f3lo se puede decidir una de estas opciones.\u00bb<\/p>\n\n\n\n<p>\u00abHabemos familiares de personas desaparecidas que, por nuestra edad, <strong>ya no tenemos posibilidades de encontrar un trabajo<\/strong>.\u00bb<\/p>\n\n\n\n<div class=\"wp-block-image\"><figure class=\"aligncenter size-large is-resized\"><img loading=\"lazy\" decoding=\"async\" src=\"https:\/\/cedehm.org.mx\/es\/wp-content\/uploads\/2021\/07\/Des_Foto19.jpg\" alt=\"\" class=\"wp-image-2827\" width=\"598\" height=\"398\" srcset=\"https:\/\/cedehm.org.mx\/es\/wp-content\/uploads\/2021\/07\/Des_Foto19.jpg 797w, https:\/\/cedehm.org.mx\/es\/wp-content\/uploads\/2021\/07\/Des_Foto19-300x200.jpg 300w, https:\/\/cedehm.org.mx\/es\/wp-content\/uploads\/2021\/07\/Des_Foto19-768x512.jpg 768w\" sizes=\"auto, (max-width: 598px) 100vw, 598px\" \/><\/figure><\/div>\n","protected":false},"excerpt":{"rendered":"<p>Las personas desaparecidas pertenecen a la clase trabajadora de la sociedad chihuahuense. Despu\u00e9s de su desaparici\u00f3n, las responsabilidades e ingresos econ\u00f3micos de sus familiares cambian radicalmente y hay graves consecuencias econ\u00f3micas para sus familias. Las madres son quienes principalmente buscan a sus hijas e hijos desaparecidos. Antes de la desaparici\u00f3n, la mayor\u00eda de estas mujeres [&hellip;]<\/p>\n","protected":false},"author":1,"featured_media":0,"parent":2695,"menu_order":4,"comment_status":"closed","ping_status":"closed","template":"page_microsite-dondeestan.php","meta":{"footnotes":""},"class_list":["post-2722","page","type-page","status-publish","hentry"],"_links":{"self":[{"href":"https:\/\/cedehm.org.mx\/es\/wp-json\/wp\/v2\/pages\/2722","targetHints":{"allow":["GET"]}}],"collection":[{"href":"https:\/\/cedehm.org.mx\/es\/wp-json\/wp\/v2\/pages"}],"about":[{"href":"https:\/\/cedehm.org.mx\/es\/wp-json\/wp\/v2\/types\/page"}],"author":[{"embeddable":true,"href":"https:\/\/cedehm.org.mx\/es\/wp-json\/wp\/v2\/users\/1"}],"replies":[{"embeddable":true,"href":"https:\/\/cedehm.org.mx\/es\/wp-json\/wp\/v2\/comments?post=2722"}],"version-history":[{"count":0,"href":"https:\/\/cedehm.org.mx\/es\/wp-json\/wp\/v2\/pages\/2722\/revisions"}],"up":[{"embeddable":true,"href":"https:\/\/cedehm.org.mx\/es\/wp-json\/wp\/v2\/pages\/2695"}],"wp:attachment":[{"href":"https:\/\/cedehm.org.mx\/es\/wp-json\/wp\/v2\/media?parent=2722"}],"curies":[{"name":"wp","href":"https:\/\/api.w.org\/{rel}","templated":true}]}}