{"id":2734,"date":"2021-07-06T22:47:17","date_gmt":"2021-07-06T22:47:17","guid":{"rendered":"https:\/\/cedehm.org.mx\/es\/?page_id=2734"},"modified":"2021-09-22T09:52:48","modified_gmt":"2021-09-22T15:52:48","slug":"videos-testimonales-sobre-los-impactos-para-las-y-los-familiares","status":"publish","type":"page","link":"https:\/\/cedehm.org.mx\/es\/donde-estan\/danos-colaterales\/videos-testimonales-sobre-los-impactos-para-las-y-los-familiares\/","title":{"rendered":"Videos testimoniales de familiares de personas desaparecidas"},"content":{"rendered":"\n<p>Conoce los testimonios de familiares de personas desaparecidas cuyos casos acompa\u00f1a el CEDEHM, en los que hablan sobre los impactos que la desaparici\u00f3n de un ser querido ha tra\u00eddo a sus vidas.<\/p>\n","protected":false},"excerpt":{"rendered":"<p>Conoce los testimonios de familiares de personas desaparecidas cuyos casos acompa\u00f1a el CEDEHM, en los que hablan sobre los impactos que la desaparici\u00f3n de un ser querido ha tra\u00eddo a sus vidas.<\/p>\n","protected":false},"author":1,"featured_media":0,"parent":2695,"menu_order":6,"comment_status":"closed","ping_status":"closed","template":"page_microsite-dondeestan.php","meta":{"footnotes":""},"class_list":["post-2734","page","type-page","status-publish","hentry"],"_links":{"self":[{"href":"https:\/\/cedehm.org.mx\/es\/wp-json\/wp\/v2\/pages\/2734","targetHints":{"allow":["GET"]}}],"collection":[{"href":"https:\/\/cedehm.org.mx\/es\/wp-json\/wp\/v2\/pages"}],"about":[{"href":"https:\/\/cedehm.org.mx\/es\/wp-json\/wp\/v2\/types\/page"}],"author":[{"embeddable":true,"href":"https:\/\/cedehm.org.mx\/es\/wp-json\/wp\/v2\/users\/1"}],"replies":[{"embeddable":true,"href":"https:\/\/cedehm.org.mx\/es\/wp-json\/wp\/v2\/comments?post=2734"}],"version-history":[{"count":0,"href":"https:\/\/cedehm.org.mx\/es\/wp-json\/wp\/v2\/pages\/2734\/revisions"}],"up":[{"embeddable":true,"href":"https:\/\/cedehm.org.mx\/es\/wp-json\/wp\/v2\/pages\/2695"}],"wp:attachment":[{"href":"https:\/\/cedehm.org.mx\/es\/wp-json\/wp\/v2\/media?parent=2734"}],"curies":[{"name":"wp","href":"https:\/\/api.w.org\/{rel}","templated":true}]}}