{"id":2738,"date":"2021-07-06T22:49:01","date_gmt":"2021-07-07T04:49:01","guid":{"rendered":"https:\/\/cedehm.org.mx\/es\/?page_id=2738"},"modified":"2022-03-03T13:40:09","modified_gmt":"2022-03-03T20:40:09","slug":"importancia-del-acompanamiento","status":"publish","type":"page","link":"https:\/\/cedehm.org.mx\/es\/donde-estan\/importancia-del-acompanamiento\/","title":{"rendered":"Importancia del acompa\u00f1amiento"},"content":{"rendered":"\n<p>Actualmente vivimos en un contexto social de violencia e impunidad. Los criminales cometen homicidios, desapariciones y otros delitos graves y, en la gran mayor\u00eda de los casos, no se identifica ni se castiga a los responsables. En medio de este contexto de inseguridad, cualquier mujer podr\u00eda sufrir la tragedia de tener una hija o hijo desaparecido.<\/p>\n\n\n\n<p>Las personas desaparecidas son por lo general hombres trabajadores y honrados, no son criminales. Los m\u00e1s j\u00f3venes suelen ser hijos alegres, amorosos y apegados a sus familias; los adultos, padres de familia responsables y dedicados a su pareja, hijas e hijos.<\/p>\n\n\n\n<p>Estas personas, en su mayor\u00eda, nunca probaron, consumieron ni comercializaron drogas. Tampoco ten\u00edan ning\u00fan tipo de relaci\u00f3n ni contacto con integrantes del crimen organizado. Son personas como t\u00fa, como yo, como tu pareja, tus hijas e hijos.<\/p>\n\n\n\n<p>Es importante que las y los chihuahuenses apoyemos a las madres de las personas desaparecidas. Las mujeres que buscan a sus hijas e hijos sufren graves afectaciones a su salud f\u00edsica y bienestar emocional. Viven con miedo y en muchas ocasiones, con culpas que no tienen raz\u00f3n de ser. Padecen una profunda tristeza, depresi\u00f3n y desmotivaci\u00f3n.<\/p>\n\n\n\n<p>Pierden la direcci\u00f3n y el sentido de sus vidas. Viven aisladas de sus familiares y c\u00edrculos sociales m\u00e1s cercanos. Cada d\u00eda sobreviven a la incertidumbre y al dolor de la desaparici\u00f3n de sus hijas e hijos, la mayor\u00eda de las veces, en silencio y en soledad. Ninguna madre merece la pena de tener una hija o hijo desaparecido.<\/p>\n\n\n\n<p>Como todas y todos, las personas desaparecidas juegan un rol importante al interior de sus hogares. Adem\u00e1s de lidiar con el profundo dolor por la desaparici\u00f3n de sus seres queridos, las madres que buscan a sus hijas e hijos tienen que enfrentarse a una serie de dificultades econ\u00f3micas, pues la desaparici\u00f3n de sus seres queridos acent\u00faa los problemas de escasez y pobreza para sus familias.<\/p>\n\n\n\n<p>Las autoridades minimizan el problema de las desapariciones. Aunque en Chihuahua existen casi 4 mil personas desaparecidas, hablan de este problema como si se tratara de casos aislados. Adem\u00e1s, suelen se\u00f1alar y etiquetar a las personas desaparecidas como criminales, narcotraficantes o delincuentes, cuando no es as\u00ed.<\/p>\n\n\n\n<p>Por lo anterior, las instituciones de gobierno no investigan las desapariciones: no buscan a las personas desaparecidas, no identifica ni castigan a los culpables. Ninguna familia deber\u00eda estar incompleta: las madres y sus familias necesitan encontrar a sus hijas e hijos desaparecidos.<\/p>\n","protected":false},"excerpt":{"rendered":"<p>Actualmente vivimos en un contexto social de violencia e impunidad. Los criminales cometen homicidios, desapariciones y otros delitos graves y, en la gran mayor\u00eda de los casos, no se identifica ni se castiga a los responsables. En medio de este contexto de inseguridad, cualquier mujer podr\u00eda sufrir la tragedia de tener una hija o hijo [&hellip;]<\/p>\n","protected":false},"author":1,"featured_media":2746,"parent":2655,"menu_order":5,"comment_status":"closed","ping_status":"closed","template":"page_microsite-dondeestan.php","meta":{"footnotes":""},"class_list":["post-2738","page","type-page","status-publish","has-post-thumbnail","hentry"],"_links":{"self":[{"href":"https:\/\/cedehm.org.mx\/es\/wp-json\/wp\/v2\/pages\/2738","targetHints":{"allow":["GET"]}}],"collection":[{"href":"https:\/\/cedehm.org.mx\/es\/wp-json\/wp\/v2\/pages"}],"about":[{"href":"https:\/\/cedehm.org.mx\/es\/wp-json\/wp\/v2\/types\/page"}],"author":[{"embeddable":true,"href":"https:\/\/cedehm.org.mx\/es\/wp-json\/wp\/v2\/users\/1"}],"replies":[{"embeddable":true,"href":"https:\/\/cedehm.org.mx\/es\/wp-json\/wp\/v2\/comments?post=2738"}],"version-history":[{"count":0,"href":"https:\/\/cedehm.org.mx\/es\/wp-json\/wp\/v2\/pages\/2738\/revisions"}],"up":[{"embeddable":true,"href":"https:\/\/cedehm.org.mx\/es\/wp-json\/wp\/v2\/pages\/2655"}],"wp:featuredmedia":[{"embeddable":true,"href":"https:\/\/cedehm.org.mx\/es\/wp-json\/wp\/v2\/media\/2746"}],"wp:attachment":[{"href":"https:\/\/cedehm.org.mx\/es\/wp-json\/wp\/v2\/media?parent=2738"}],"curies":[{"name":"wp","href":"https:\/\/api.w.org\/{rel}","templated":true}]}}