{"id":2740,"date":"2021-07-06T22:49:37","date_gmt":"2021-07-07T04:49:37","guid":{"rendered":"https:\/\/cedehm.org.mx\/es\/?page_id=2740"},"modified":"2022-02-02T11:46:41","modified_gmt":"2022-02-02T18:46:41","slug":"obligaciones-del-estado","status":"publish","type":"page","link":"https:\/\/cedehm.org.mx\/es\/donde-estan\/obligaciones-del-estado\/","title":{"rendered":"Obligaciones del Estado"},"content":{"rendered":"\n<p>Las primeras horas de desaparici\u00f3n son cruciales para aumentar las probabilidades de dar con el paradero de la persona desaparecida. Por lo anterior, las autoridades tienen la obligaci\u00f3n de realizar las siguientes acciones con la mayor rapidez y efectividad:<\/p>\n\n\n\n<ol class=\"wp-block-list\" type=\"1\"><li>Informar a todos los cuerpos policiacos de la zona para que inmediatamente se sumen a la b\u00fasqueda de la persona, cuando la desaparici\u00f3n se avisa al instante o al poco tiempo de ocurrir.<\/li><li>Levantar un reporte de desaparici\u00f3n.<\/li><li>Crear una&nbsp;carpeta de investigaci\u00f3n con una fotograf\u00eda y todos los datos de la persona desaparecida, as\u00ed como con informaci\u00f3n detallada de los hechos.&nbsp;<\/li><li>Realizar la&nbsp;b\u00fasqueda de&nbsp;la persona&nbsp;desaparecida en vida.&nbsp;Buscarle en todos los lugares en los que podr\u00eda estar contra su voluntad, como hospitales y comandancias.<\/li><li>Entrevistar a testigos y recabar todas las evidencias necesarias que permitan dar con el paradero de la persona, como video grabaciones de comercios particulares y c\u00e1maras instaladas en las calles o en la v\u00eda p\u00fablica; revisar reportes e informaci\u00f3n de veh\u00edculos robados y compararlos con el autom\u00f3vil utilizado por los criminales para llevarse a la persona desaparecida, si fuera el caso.<\/li><li>Coordinarse, brindar y solicitar informaci\u00f3n sobre la persona desaparecida a otras Fiscal\u00edas o Procuradur\u00edas del pa\u00eds. Dar seguimiento a los procesos de investigaci\u00f3n.<\/li><li>Tomar muestras gen\u00e9ticas de los familiares de la persona desaparecida, para su registro y comparaciones posteriores, en caso de necesitarse.&nbsp;<\/li><\/ol>\n","protected":false},"excerpt":{"rendered":"<p>Las primeras horas de desaparici\u00f3n son cruciales para aumentar las probabilidades de dar con el paradero de la persona desaparecida. Por lo anterior, las autoridades tienen la obligaci\u00f3n de realizar las siguientes acciones con la mayor rapidez y efectividad: Informar a todos los cuerpos policiacos de la zona para que inmediatamente se sumen a la [&hellip;]<\/p>\n","protected":false},"author":1,"featured_media":2789,"parent":2655,"menu_order":6,"comment_status":"closed","ping_status":"closed","template":"page_microsite-dondeestan.php","meta":{"footnotes":""},"class_list":["post-2740","page","type-page","status-publish","has-post-thumbnail","hentry"],"_links":{"self":[{"href":"https:\/\/cedehm.org.mx\/es\/wp-json\/wp\/v2\/pages\/2740","targetHints":{"allow":["GET"]}}],"collection":[{"href":"https:\/\/cedehm.org.mx\/es\/wp-json\/wp\/v2\/pages"}],"about":[{"href":"https:\/\/cedehm.org.mx\/es\/wp-json\/wp\/v2\/types\/page"}],"author":[{"embeddable":true,"href":"https:\/\/cedehm.org.mx\/es\/wp-json\/wp\/v2\/users\/1"}],"replies":[{"embeddable":true,"href":"https:\/\/cedehm.org.mx\/es\/wp-json\/wp\/v2\/comments?post=2740"}],"version-history":[{"count":0,"href":"https:\/\/cedehm.org.mx\/es\/wp-json\/wp\/v2\/pages\/2740\/revisions"}],"up":[{"embeddable":true,"href":"https:\/\/cedehm.org.mx\/es\/wp-json\/wp\/v2\/pages\/2655"}],"wp:featuredmedia":[{"embeddable":true,"href":"https:\/\/cedehm.org.mx\/es\/wp-json\/wp\/v2\/media\/2789"}],"wp:attachment":[{"href":"https:\/\/cedehm.org.mx\/es\/wp-json\/wp\/v2\/media?parent=2740"}],"curies":[{"name":"wp","href":"https:\/\/api.w.org\/{rel}","templated":true}]}}