{"id":2743,"date":"2021-07-06T22:50:16","date_gmt":"2021-07-07T04:50:16","guid":{"rendered":"https:\/\/cedehm.org.mx\/es\/?page_id=2743"},"modified":"2022-03-03T13:45:44","modified_gmt":"2022-03-03T20:45:44","slug":"como-denunciar","status":"publish","type":"page","link":"https:\/\/cedehm.org.mx\/es\/donde-estan\/como-denunciar\/","title":{"rendered":"\u00bfC\u00f3mo denunciar?"},"content":{"rendered":"\n<p><em>\u00bfFuiste testigo de la desaparici\u00f3n de una persona? \u00a1Denuncia!<\/em><\/p>\n\n\n\n<p>Si eres testigo y observas cuando se han llevado a una persona, llama al 911, comenta lo que has visto y proporciona toda la informaci\u00f3n que te sea posible brindar. Gracias a tu llamada se alertar\u00e1 a todos los cuerpos policiacos de la zona para que busquen de inmediato a la persona desaparecida.<\/p>\n\n\n\n<p><em>\u00bfQu\u00e9 debes hacer ante la desaparici\u00f3n de una persona?<\/em><\/p>\n\n\n\n<ol class=\"wp-block-list\" type=\"1\"><li>Si se fue testigo de la desaparici\u00f3n, alertar a las autoridades sobre la desaparici\u00f3n y las caracter\u00edsticas del veh\u00edculo en el que se llevaron a la persona. Brindar esta informaci\u00f3n a la primera autoridad con la que se hable.<\/li><li>Acudir a la Fiscal\u00eda General del Estado o a las oficinas del Ministerio P\u00fablico correspondiente. Si no las hay, ante la autoridad m\u00e1s cercana, como la Comandancia Municipal o el Comisario de Polic\u00eda.<ol><li>Es obligaci\u00f3n de las autoridades levantar un reporte y asignar un n\u00famero de caso, as\u00ed como recabar la mayor cantidad de informaci\u00f3n sobre la persona desaparecida y las circunstancias de su desaparici\u00f3n.<\/li><\/ol><\/li><li>Difundir en nuestras redes sociales, entre nuestros familiares, amigos, vecinos, compa\u00f1eros de estudio o trabajo y a trav\u00e9s de todos los medios que nos sea posible, la imagen con la \u201cpesquisa\u201d de la persona desaparecida que las autoridades deben elaborar a partir del reporte de desaparici\u00f3n.<\/li><li>Buscar apoyo con organizaciones de la sociedad civil o colectivos que acompa\u00f1an a familiares de personas desaparecidas para recibir atenci\u00f3n psicol\u00f3gica y orientaci\u00f3n jur\u00eddica. En el Centro de Derechos Humanos de las Mujeres A.C. brindamos acompa\u00f1amiento legal y psicosocial a familiares de personas desaparecidas. Para m\u00e1s informaci\u00f3n comun\u00edcate al Tel. 614 415 41 52, o bien, a los correos cedehm@cedehm.org.mx y gabino.gomez@cedehm.org.mx Nos encontramos en Av. Ju\u00e1rez 4107-B, Col. Centro. Chihuahua, Chih., M\u00e9xico, C.P. 31000, de lunes a viernes de 8:00 am a 2:00 pm.<\/li><\/ol>\n","protected":false},"excerpt":{"rendered":"<p>\u00bfFuiste testigo de la desaparici\u00f3n de una persona? \u00a1Denuncia! Si eres testigo y observas cuando se han llevado a una persona, llama al 911, comenta lo que has visto y proporciona toda la informaci\u00f3n que te sea posible brindar. Gracias a tu llamada se alertar\u00e1 a todos los cuerpos policiacos de la zona para que [&hellip;]<\/p>\n","protected":false},"author":1,"featured_media":2791,"parent":2655,"menu_order":7,"comment_status":"closed","ping_status":"closed","template":"page_microsite-dondeestan.php","meta":{"footnotes":""},"class_list":["post-2743","page","type-page","status-publish","has-post-thumbnail","hentry"],"_links":{"self":[{"href":"https:\/\/cedehm.org.mx\/es\/wp-json\/wp\/v2\/pages\/2743","targetHints":{"allow":["GET"]}}],"collection":[{"href":"https:\/\/cedehm.org.mx\/es\/wp-json\/wp\/v2\/pages"}],"about":[{"href":"https:\/\/cedehm.org.mx\/es\/wp-json\/wp\/v2\/types\/page"}],"author":[{"embeddable":true,"href":"https:\/\/cedehm.org.mx\/es\/wp-json\/wp\/v2\/users\/1"}],"replies":[{"embeddable":true,"href":"https:\/\/cedehm.org.mx\/es\/wp-json\/wp\/v2\/comments?post=2743"}],"version-history":[{"count":0,"href":"https:\/\/cedehm.org.mx\/es\/wp-json\/wp\/v2\/pages\/2743\/revisions"}],"up":[{"embeddable":true,"href":"https:\/\/cedehm.org.mx\/es\/wp-json\/wp\/v2\/pages\/2655"}],"wp:featuredmedia":[{"embeddable":true,"href":"https:\/\/cedehm.org.mx\/es\/wp-json\/wp\/v2\/media\/2791"}],"wp:attachment":[{"href":"https:\/\/cedehm.org.mx\/es\/wp-json\/wp\/v2\/media?parent=2743"}],"curies":[{"name":"wp","href":"https:\/\/api.w.org\/{rel}","templated":true}]}}