{"id":2852,"date":"2021-07-20T23:15:56","date_gmt":"2021-07-20T23:15:56","guid":{"rendered":"https:\/\/cedehm.org.mx\/es\/?page_id=2852"},"modified":"2022-03-03T14:03:44","modified_gmt":"2022-03-03T21:03:44","slug":"casos-agravados-por-la-impunidad-corrupcion-inseguridad-y-acciones-del-gobierno-mal-enfocadas","status":"publish","type":"page","link":"https:\/\/cedehm.org.mx\/es\/te-busco-siempre\/casos-agravados-por-la-impunidad-corrupcion-inseguridad-y-acciones-del-gobierno-mal-enfocadas\/","title":{"rendered":"Casos agravados"},"content":{"rendered":"\n<p><\/p>\n\n\n\n<p><strong>CASOS COLECTIVOS<\/strong><\/p>\n\n\n\n<p><strong>FAMILIA ALVARADO<\/strong><\/p>\n\n\n\n<p>Jos\u00e9 \u00c1ngel, Roc\u00edo y Nitzia Alvarado<\/p>\n\n\n\n<p><strong>FAMILIA MU\u00d1OZ<\/strong><\/p>\n\n\n\n<p>Toribio Jaime Mu\u00f1oz Gonz\u00e1lez, 61 a\u00f1os<\/p>\n\n\n\n<p>2. Guadalupe Mu\u00f1oz Veleta, 37 a\u00f1os&nbsp;<\/p>\n\n\n\n<p>3. Jaime Mu\u00f1oz Veleta, 33 a\u00f1os<\/p>\n\n\n\n<p>4. \u00d3scar Mu\u00f1oz Veleta, 33 a\u00f1os<\/p>\n\n\n\n<p>5. Hugo Mu\u00f1oz Veleta, 31 A\u00d1OS<\/p>\n\n\n\n<p>6. Nemesio Sol\u00eds Gonz\u00e1lez, 41 a\u00f1os<\/p>\n\n\n\n<p>7. Luis Romo Mu\u00f1oz, 21 A\u00d1OS<\/p>\n\n\n\n<p>8. \u00d3scar Guadalupe Cruz Bustos, 21 a\u00f1os<\/p>\n\n\n\n<p><strong>Familia Ibarra Rodr\u00edguez<\/strong><\/p>\n\n\n\n<p>Arist\u00f3fenes Ibarra Rodr\u00edguez<\/p>\n\n\n\n<p>Mario Alberto Ibarra Rasc\u00f3n<\/p>\n\n\n\n<p>Artemisa Ibarra Rodr\u00edguez<\/p>\n\n\n\n<p>Mario Ibarra Rodr\u00edguez<\/p>\n\n\n\n<p>Jorge Ibarra Rodr\u00edguez<\/p>\n\n\n\n<p><strong>Desaparecidos caso centro de rehabilitaci\u00f3n:<\/strong><\/p>\n\n\n\n<p>Edgar Agapito Pineda P\u00e9rez<\/p>\n\n\n\n<p>Pablo Ortiz Mendoza<\/p>\n\n\n\n<p>Epigmenio Palma Chaparro<\/p>\n\n\n\n<p>Francisco Carmona Ortega<\/p>\n\n\n\n<p>Jos\u00e9 Luis Esparza Villareal<\/p>\n\n\n\n<p>Gabriel M\u00e9ndez Gonz\u00e1lez<\/p>\n\n\n\n<p><strong>Caso mina de Urique<\/strong><\/p>\n\n\n\n<p>1. Arturo Chac\u00f3n de Jes\u00fas<\/p>\n\n\n\n<p>2. Gustavo Ornelas<\/p>\n\n\n\n<p>3. Iv\u00e1n Morales<\/p>\n\n\n\n<p>4. Abraham Mendoza V\u00e1zquez<\/p>\n\n\n\n<p>5. Sergio \u00c1vila Jim\u00e9nez<\/p>\n\n\n\n<p>6. Jos\u00e9 Guadalupe Terrazas Urbiba<\/p>\n\n\n\n<p>7. David Fuentes Gonz\u00e1lez<\/p>\n\n\n\n<p>8. Mauro Ordo\u00f1o Muela<\/p>\n\n\n\n<p>9. Benjam\u00edn Reyes Palomares<\/p>\n\n\n\n<p>10. Mujer de quien no se tiene datos<\/p>\n\n\n\n<p><strong>Hermanos Guti\u00e9rrez Galindo<\/strong><\/p>\n\n\n\n<p>Enrique Guti\u00e9rrez Galindo<\/p>\n\n\n\n<p>Pedro Alejandro Guti\u00e9rrez Galindo<\/p>\n\n\n\n<p>No\u00e9 Guti\u00e9rrez Galindo<\/p>\n\n\n\n<p><strong>Hermanas Gonz\u00e1lez Rodr\u00edguez<\/strong><\/p>\n\n\n\n<p>Alejandra Anah\u00ed Gonz\u00e1lez Rodr\u00edguez<\/p>\n\n\n\n<p>Lizbeth Karina Gonz\u00e1lez Rodr\u00edguez<\/p>\n\n\n\n<p><strong>Hermanos Mena Portillo<\/strong><\/p>\n\n\n\n<p>Joel Mena Portillo<\/p>\n\n\n\n<p>Sa\u00fal Mena Portillo<\/p>\n\n\n\n<p><strong>Caso de la Antena<\/strong><\/p>\n\n\n\n<p>1. Elizandro Gonz\u00e1lez Gardea, 17 a\u00f1os<\/p>\n\n\n\n<p>2. Carlos Antonio Perales Carrera, 28 a\u00f1os<\/p>\n\n\n\n<p>3. Damasio Luna Ceballos<\/p>\n\n\n\n<p>4. Ram\u00f3n Garc\u00eda Betance, 45 a\u00f1os<\/p>\n\n\n\n<p>5. Jos\u00e9 Refugio Gardea, 55 a\u00f1os<\/p>\n\n\n\n<p>6. Miguel Reyes Mart\u00ednez, 55 a\u00f1os<\/p>\n\n\n\n<p>7. Bogar Uriel Marrufo Alonso<\/p>\n\n\n\n<p><strong>Caso Tiro de Mina<\/strong><\/p>\n\n\n\n<p>Adri\u00e1n Omar Aldaz Alvarez<\/p>\n\n\n\n<p>Juan Jos\u00e9 Sandoval Santana<\/p>\n\n\n\n<p>Ever Iv\u00e1n Muruato Lozoya<\/p>\n\n\n\n<p><strong>Hermanos Rodr\u00edguez Cano<\/strong><\/p>\n\n\n\n<p>Carlos Fernando Rodr\u00edguez Cano<\/p>\n\n\n\n<p>Juan de Dios Rodr\u00edguez Cano<\/p>\n\n\n\n<p><strong>Familia N\u00fa\u00f1ez: Abuelo, t\u00edo y sobrino<\/strong><\/p>\n\n\n\n<p>Mario Cruz N\u00fa\u00f1ez Ramos<\/p>\n\n\n\n<p>Johan Ever N\u00fa\u00f1ez Corral<\/p>\n\n\n\n<p>Hip\u00f3lito N\u00fa\u00f1ez Moreno<\/p>\n\n\n\n<p><strong>Hermanos Zamarripa Ju\u00e1rez<\/strong><\/p>\n\n\n\n<p>Julico C\u00e9sar Zamarripa Ju\u00e1rez<\/p>\n\n\n\n<p>Erick Alejandro Zamarrioa Ju\u00e1rez<\/p>\n\n\n\n<p><strong>Familia Molina Rodr\u00edguez: Padre e hijos<\/strong><\/p>\n\n\n\n<p>Roque Molina Loya<\/p>\n\n\n\n<p>Ricardo Molina Rodr\u00edguez<\/p>\n\n\n\n<p>Jes\u00fas Alberto Molina Rodr\u00edguez<\/p>\n\n\n\n<p><strong>CASO DE LOS 13 MIGRANTES DESAPARECIDOS<\/strong><\/p>\n\n\n\n<ol class=\"wp-block-list\"><li>Luis Carlos Islas Villegas<\/li><li>Alan Ricardo Salas Torres<\/li><li>El\u00edas Gir\u00f3n Mateo<\/li><li>Daniel Villa Rasc\u00f3n<\/li><li>Rodolfo Guzm\u00e1n Gonz\u00e1lez<\/li><li>Javier Ricardo L\u00f3pez Rodr\u00edguez<\/li><li>Benigno Alberto \u00c1lvarez Castro<\/li><li>Emmanuel Aguilar Baylon<\/li><li>Amador Aguilar Mendoza<\/li><li>Lorenzo Abraham Gonz\u00e1lez Mendoza<\/li><\/ol>\n\n\n\n<p>11.<\/p>\n\n\n\n<p>12.<\/p>\n\n\n\n<p>13. <\/p>\n\n\n\n<p><\/p>\n\n\n\n<p><strong>CASOS JUDICIALIZADOS<\/strong><\/p>\n\n\n\n<p>Jos\u00e9 Rosario Hern\u00e1ndez Dom\u00ednguez &#8211; <strong>Caso de desaparici\u00f3n forzada<\/strong><\/p>\n\n\n\n<p>Celso Francisco Barajas Olivas, con dos grupos de imputados &#8211; <strong>Caso de desaparici\u00f3n forzada<\/strong><\/p>\n\n\n\n<p>Liliana de Le\u00f3n Rivas y otros 4 acusados <\/p>\n\n\n\n<p>Familia Mu\u00f1oz &#8211; <strong>Caso de desaparici\u00f3n por particulares<\/strong><\/p>\n\n\n\n<p>Jos\u00e9 \u00c1ngel Romano Linares &#8211; <strong>Caso de desaparici\u00f3n por particulares<\/strong><\/p>\n\n\n\n<p>Cruz Soto Caraveo &#8211; <strong>Caso de desaparici\u00f3n por particulares<\/strong><\/p>\n\n\n\n<p>Ignacio Villagr\u00e1n Cerros &#8211; <strong>Secuestro expr\u00e9s y robo agravado<\/strong><\/p>\n\n\n\n<p>Jos\u00e9 Antonio Serv\u00edn Ramos &#8211; <strong>Caso de desaparici\u00f3n forzada<\/strong><\/p>\n","protected":false},"excerpt":{"rendered":"<p>CASOS COLECTIVOS FAMILIA ALVARADO Jos\u00e9 \u00c1ngel, Roc\u00edo y Nitzia Alvarado FAMILIA MU\u00d1OZ Toribio Jaime Mu\u00f1oz Gonz\u00e1lez, 61 a\u00f1os 2. Guadalupe Mu\u00f1oz Veleta, 37 a\u00f1os&nbsp; 3. Jaime Mu\u00f1oz Veleta, 33 a\u00f1os 4. \u00d3scar Mu\u00f1oz Veleta, 33 a\u00f1os 5. Hugo Mu\u00f1oz Veleta, 31 A\u00d1OS 6. Nemesio Sol\u00eds Gonz\u00e1lez, 41 a\u00f1os 7. Luis Romo Mu\u00f1oz, 21 A\u00d1OS 8. [&hellip;]<\/p>\n","protected":false},"author":1,"featured_media":2853,"parent":2850,"menu_order":0,"comment_status":"closed","ping_status":"closed","template":"page_microsite-tebusco.php","meta":{"footnotes":""},"class_list":["post-2852","page","type-page","status-publish","has-post-thumbnail","hentry"],"_links":{"self":[{"href":"https:\/\/cedehm.org.mx\/es\/wp-json\/wp\/v2\/pages\/2852","targetHints":{"allow":["GET"]}}],"collection":[{"href":"https:\/\/cedehm.org.mx\/es\/wp-json\/wp\/v2\/pages"}],"about":[{"href":"https:\/\/cedehm.org.mx\/es\/wp-json\/wp\/v2\/types\/page"}],"author":[{"embeddable":true,"href":"https:\/\/cedehm.org.mx\/es\/wp-json\/wp\/v2\/users\/1"}],"replies":[{"embeddable":true,"href":"https:\/\/cedehm.org.mx\/es\/wp-json\/wp\/v2\/comments?post=2852"}],"version-history":[{"count":0,"href":"https:\/\/cedehm.org.mx\/es\/wp-json\/wp\/v2\/pages\/2852\/revisions"}],"up":[{"embeddable":true,"href":"https:\/\/cedehm.org.mx\/es\/wp-json\/wp\/v2\/pages\/2850"}],"wp:featuredmedia":[{"embeddable":true,"href":"https:\/\/cedehm.org.mx\/es\/wp-json\/wp\/v2\/media\/2853"}],"wp:attachment":[{"href":"https:\/\/cedehm.org.mx\/es\/wp-json\/wp\/v2\/media?parent=2852"}],"curies":[{"name":"wp","href":"https:\/\/api.w.org\/{rel}","templated":true}]}}