{"id":2859,"date":"2021-07-20T23:45:36","date_gmt":"2021-07-20T23:45:36","guid":{"rendered":"https:\/\/cedehm.org.mx\/es\/?page_id=2859"},"modified":"2021-12-07T12:45:16","modified_gmt":"2021-12-07T19:45:16","slug":"de-madres-buscadoras-a-defensoras-de-derechos-humanos","status":"publish","type":"page","link":"https:\/\/cedehm.org.mx\/es\/te-busco-siempre\/de-madres-buscadoras-a-defensoras-de-derechos-humanos\/","title":{"rendered":"De buscadoras a defensoras de Derechos Humanos"},"content":{"rendered":"\n<p>El fen\u00f3meno de la desaparici\u00f3n de personas en M\u00e9xico ha impactado de manera significativa en las mujeres, como se ha reportado, ya que la mayor\u00eda de las personas que tienen el estatus de desaparecidas son hombres j\u00f3venes. Muchos de ellos viven en el hogar materno o bien son matrimonios j\u00f3venes que por lo general son quienes proveen econ\u00f3micamente a sus hogares.<\/p>\n\n\n\n<p>Son las mujeres quienes reciben el primer impacto de la desaparici\u00f3n de una persona, madres, esposas, hijas y\/o hermanas, quienes de inmediato salen a buscar a su ser querido. La madre busca a su hijo, la esposa a su esposo y la hija a su padre. Estas mujeres que solo estaban en el hogar, en el trabajo o en la escuela de un d\u00eda para otro modifican radicalmente su rutina, ahora recorren calles, terrenos bald\u00edos, arroyos, cerros, llaman a los amigos y familiares, recorren oficinas que antes ni sab\u00edan que exist\u00edan, buscan en comandancias policiacas, en c\u00e1rceles, en hospitales. Van a cualquier lugar que les pudiera dar una se\u00f1al, atienden todas la llamadas que supuestamente les informan, por m\u00e1s inveros\u00edmiles que parezcan, incluso acuden a videntes y en varias ocasiones son v\u00edctimas de extorsi\u00f3n.<\/p>\n\n\n\n<p>Este caminar las ha trasformado, en el camino se han encontrado a otras mujeres que igual a ellas pasan por lo mismo, reciben el consejo de qu\u00e9 tienen que hacer, que no te pase lo que a m\u00ed, se\u00f1alan, que no te mientan, ve para all\u00e1, pon la denuncia, s\u00fabela al Facebook, se convierten en expertas en redes sociales. Las que hacen las recomendaciones ya pasaron por este calvario, de igual manera se inicia el impacto econ\u00f3mico, toda vez que la persona que ya no est\u00e1 es el proveedor econ\u00f3mico, por lo menos en cierta parte, hay que buscar c\u00f3mo resolver esta carencia, tienen que empezar a buscar otros ingresos econ\u00f3micos, empiezan, por ejemplo a vender algunos bienes de los que se pueden disponer, no pueden hacerlo con los bienes inmuebles o cuentas de banco o pensiones a nombre de la persona desaparecida, ya que la persona no est\u00e1 localizada con o sin vida, no puede firmar o no hay un certificado de defunci\u00f3n; hay que iniciar el tortuoso camino de las declaraciones de ausencia o presunciones de muerte, se encuentran con juzgadores insensibles que en lugar de facilitar lo que la ley les obliga, ponen trabas, haciendo nugatorio un derecho conquistado por las v\u00edctimas.<\/p>\n\n\n\n<p class=\"has-text-align-left\">En este recorrido, que inicialmente significa salir del hogar, para buscar, se encuentran a otras familias que como ellas padecen lo mismo, y es ah\u00ed donde se van tejiendo redes, se dan cuenta que no es un problema exclusivo de ellas, que hay otras personas desaparecidas en su colonia, en su ciudad. Finalmente se enteran que son parte de una tragedia nacional, que por miles se cuentan los desaparecidos, que han proliferado colectivos de familiares que se organizan y buscan a sus seres queridos, que buscan justicia, que no descansan, que sin propon\u00e9rselo pero por una acci\u00f3n de hermandad, de solidaridad, de sororidad, ya no solo buscan a su familiar, ahora tambi\u00e9n buscan a los familiares de otras mujeres, que ya no solo exigen que los encuentren, tambi\u00e9n exigen justicia, salen a la calle a protestar, acuden a talleres, han aprendido que tienen derechos, que tienen derechos humanos, ahora exigen que se respeten los derechos de ellas y de la de las dem\u00e1s, ahora tambi\u00e9n abrazan y dan consuelo, ellas que estaban en el hogar salieron a buscar, ahora emergen como Defensoras de Derechos Humanos.<\/p>\n","protected":false},"excerpt":{"rendered":"<p>El fen\u00f3meno de la desaparici\u00f3n de personas en M\u00e9xico ha impactado de manera significativa en las mujeres, como se ha reportado, ya que la mayor\u00eda de las personas que tienen el estatus de desaparecidas son hombres j\u00f3venes. Muchos de ellos viven en el hogar materno o bien son matrimonios j\u00f3venes que por lo general son [&hellip;]<\/p>\n","protected":false},"author":1,"featured_media":2860,"parent":2850,"menu_order":0,"comment_status":"closed","ping_status":"closed","template":"page_microsite-tebusco.php","meta":{"footnotes":""},"class_list":["post-2859","page","type-page","status-publish","has-post-thumbnail","hentry"],"_links":{"self":[{"href":"https:\/\/cedehm.org.mx\/es\/wp-json\/wp\/v2\/pages\/2859","targetHints":{"allow":["GET"]}}],"collection":[{"href":"https:\/\/cedehm.org.mx\/es\/wp-json\/wp\/v2\/pages"}],"about":[{"href":"https:\/\/cedehm.org.mx\/es\/wp-json\/wp\/v2\/types\/page"}],"author":[{"embeddable":true,"href":"https:\/\/cedehm.org.mx\/es\/wp-json\/wp\/v2\/users\/1"}],"replies":[{"embeddable":true,"href":"https:\/\/cedehm.org.mx\/es\/wp-json\/wp\/v2\/comments?post=2859"}],"version-history":[{"count":0,"href":"https:\/\/cedehm.org.mx\/es\/wp-json\/wp\/v2\/pages\/2859\/revisions"}],"up":[{"embeddable":true,"href":"https:\/\/cedehm.org.mx\/es\/wp-json\/wp\/v2\/pages\/2850"}],"wp:featuredmedia":[{"embeddable":true,"href":"https:\/\/cedehm.org.mx\/es\/wp-json\/wp\/v2\/media\/2860"}],"wp:attachment":[{"href":"https:\/\/cedehm.org.mx\/es\/wp-json\/wp\/v2\/media?parent=2859"}],"curies":[{"name":"wp","href":"https:\/\/api.w.org\/{rel}","templated":true}]}}