{"id":2862,"date":"2021-07-20T23:46:02","date_gmt":"2021-07-20T23:46:02","guid":{"rendered":"https:\/\/cedehm.org.mx\/es\/?page_id=2862"},"modified":"2022-03-03T14:06:10","modified_gmt":"2022-03-03T21:06:10","slug":"que-hare-si-vuelvo-a-casa","status":"publish","type":"page","link":"https:\/\/cedehm.org.mx\/es\/te-busco-siempre\/que-hare-si-vuelvo-a-casa\/","title":{"rendered":"Buscando juntas"},"content":{"rendered":"\n<p>Logros de los grupos de personas familiares de las personas desaparecidas a quienes acompa\u00f1amos en el estado de Chihuahua e inclusive de otras entidades pero cuyos seres queridos desaparecieron en nuestra entidad<\/p>\n\n\n\n<p>Como antecedentes hist\u00f3ricos podemos mencionar el habernos unido a la petici\u00f3n un\u00e1nime del fundador del Movimiento por la Paz con Justicia y Dignidad (MPJD) el poeta Javier Sicilia, quien adem\u00e1s de formar un colectivo que impuls\u00f3 a ra\u00edz del secuestro y posterior asesinato de su hijo, decidi\u00f3 visibilizar otras causas sumidas en la impunidad ante la dificultad de su acceso a la justicia y as\u00ed se unieron a su marcha nacional v\u00edctimas originarias de todos los rincones del pa\u00eds que se identificaron con \u00e9l porque igualmente adolecen de una p\u00e9rdida a consecuencia de diversos hechos victimizantes y aqu\u00ed en la ciudad de Chihuahua fue muy significativo para nosotras que al recibirlo en el mes de junio de 2011 accediera a colocar por en\u00e9sima ocasi\u00f3n (14) la placa en honor a la activista de DDHH Marisela Escobedo Ortiz quien fuera asesinada de manera artera a las afueras del Palacio de Gobierno en la ciudad de Chihuahua el 16 de diciembre de 2010. As\u00ed es como empezamos desde el CEDEHM a visibilizar de manera paulatina el fen\u00f3meno de las desapariciones de personas en nuestra entidad, particularmente las que ocurrieron en el municipio de Cuauht\u00e9moc; lo cual a la postre lo convirti\u00f3 en el epicentro de muchas m\u00e1s desapariciones que no solamente permanecen en la impunidad sino que dieron pie a la visita de la OSC Amnist\u00eda Internacional que elabor\u00f3 su informe \u201cUn trato de indolencia\u201d el cual est\u00e1 disponible en su sitio web. Aunado a lo anterior, se trata de una cifra denominada negra; porque se trata de las situaciones que han sido denunciadas y que actualmente son atendidas, pero que hay otros casos que la misma gente decide callar, principalmente por miedo o por falta de credibilidad en las autoridades. El contexto de la violencia no permite que la gente denuncie, hay mucho miedo y no podemos obligar a nadie a que exponga la situaci\u00f3n por la que atraviesa, por lo que muchos de ellos prefieren dejar sus lugares de origen, huyen y entonces de les considera desplazados a consecuencia de la violencia y la delincuencia organizada.<\/p>\n\n\n\n<p>Posteriormente y luego de avanzar en las investigaciones as\u00ed como en las mesas de trabajo de manera conjunta est\u00e1s representantes intercambiamos experiencias con otras colectivas que acompa\u00f1an casos de personas desaparecidas como Fundec y Fundem de las cuales compartimos las buenas pr\u00e1cticas y las replicamos exitosamente; como lo son las mesas de trabajo que se entablaron primero a nivel nacional y luego en cada uno de los estados c\u00f3mo Coahuila, Nuevo Le\u00f3n, Tamaulipas entre otros; y finalmente en nuestra entidad con la Fiscal\u00eda General del Estado de Chihuahua a trav\u00e9s de sus distintas fiscal\u00edas distritales, as\u00ed logramos primero fortalecer las investigaciones y darles seguimiento y despu\u00e9s judicializar algunos casos uno de ellos es el caso de la desaparici\u00f3n forzada de Jos\u00e9 Rosario Dom\u00ednguez Hern\u00e1ndez el cual fue llevado a juicio oral logr\u00e1ndose una sentencia condenatoria por el delito de desaparici\u00f3n forzada ya que Jos\u00e9 Rosario desapareci\u00f3 al momento que es detenido por un agente de vialidad en la ciudad de Cuauht\u00e9moc. Posteriormente se judicializa el caso de la desaparici\u00f3n de Jos\u00e9 Antonio Serv\u00edn Ramos la cual se encuentra detenida o pausada por los recursos defensivos interpuestos por una defensa muy activa de los cuatro polic\u00edas que se encuentran actualmente privados de su libertad en prisi\u00f3n preventiva oficiosa en el municipio de Nuevo Casas Grandes. Se logra una sentencia favorable por el delito de desaparici\u00f3n por particulares a trav\u00e9s del procedimiento abreviado en la desaparici\u00f3n y posterior homicidio del defensor de derechos humanos Cruz Soto Caraveo la cual se encuentra en etapa de ejecuci\u00f3n. Se contin\u00faa trabajando en los dem\u00e1s casos judicializados<\/p>\n\n\n\n<p>por desaparici\u00f3n forzada como lo son el de Celso Francisco Barajas Olivas con dos grupos de imputados detenidos en tiempos distintos, el de Jos\u00e9 \u00c1ngel Romano Linares y el caso de la desaparici\u00f3n de ocho miembros de la familia Mu\u00f1oz Veleta y finalmente; el caso de la desaparici\u00f3n de Jos\u00e9 Ignacio Villagr\u00e1n Cerros que a pesar de haberse dictado sentencia, \u00e9sta a\u00fan no queda firme por haberse interpuesto juicio de amparo por inconformidad con el resultado.<\/p>\n","protected":false},"excerpt":{"rendered":"<p>Logros de los grupos de personas familiares de las personas desaparecidas a quienes acompa\u00f1amos en el estado de Chihuahua e inclusive de otras entidades pero cuyos seres queridos desaparecieron en nuestra entidad Como antecedentes hist\u00f3ricos podemos mencionar el habernos unido a la petici\u00f3n un\u00e1nime del fundador del Movimiento por la Paz con Justicia y Dignidad [&hellip;]<\/p>\n","protected":false},"author":1,"featured_media":2863,"parent":2850,"menu_order":0,"comment_status":"closed","ping_status":"closed","template":"page_microsite-tebusco.php","meta":{"footnotes":""},"class_list":["post-2862","page","type-page","status-publish","has-post-thumbnail","hentry"],"_links":{"self":[{"href":"https:\/\/cedehm.org.mx\/es\/wp-json\/wp\/v2\/pages\/2862","targetHints":{"allow":["GET"]}}],"collection":[{"href":"https:\/\/cedehm.org.mx\/es\/wp-json\/wp\/v2\/pages"}],"about":[{"href":"https:\/\/cedehm.org.mx\/es\/wp-json\/wp\/v2\/types\/page"}],"author":[{"embeddable":true,"href":"https:\/\/cedehm.org.mx\/es\/wp-json\/wp\/v2\/users\/1"}],"replies":[{"embeddable":true,"href":"https:\/\/cedehm.org.mx\/es\/wp-json\/wp\/v2\/comments?post=2862"}],"version-history":[{"count":0,"href":"https:\/\/cedehm.org.mx\/es\/wp-json\/wp\/v2\/pages\/2862\/revisions"}],"up":[{"embeddable":true,"href":"https:\/\/cedehm.org.mx\/es\/wp-json\/wp\/v2\/pages\/2850"}],"wp:featuredmedia":[{"embeddable":true,"href":"https:\/\/cedehm.org.mx\/es\/wp-json\/wp\/v2\/media\/2863"}],"wp:attachment":[{"href":"https:\/\/cedehm.org.mx\/es\/wp-json\/wp\/v2\/media?parent=2862"}],"curies":[{"name":"wp","href":"https:\/\/api.w.org\/{rel}","templated":true}]}}