{"id":3,"date":"2020-12-30T21:55:38","date_gmt":"2020-12-30T21:55:38","guid":{"rendered":"http:\/\/localhost\/2020\/cedehm\/?page_id=3"},"modified":"2021-01-12T19:37:47","modified_gmt":"2021-01-12T19:37:47","slug":"aviso-de-privacidad","status":"publish","type":"page","link":"https:\/\/cedehm.org.mx\/es\/aviso-de-privacidad\/","title":{"rendered":"Aviso de privacidad"},"content":{"rendered":"\n<p>El Centro de Derechos Humanos de las Mujeres A.C. (en adelante \u201cCEDEHM\u201d o \u201cEl Centro\u201d) es una asociaci\u00f3n civil sin fines de lucro, con domicilio en Av. Ju\u00e1rez No. 4107. Col. Centro Chihuahua, C.P. 31000, Chih., Chihuahua; en cumplimiento con lo establecido por la Ley Federal de Protecci\u00f3n de Datos Personales en Posesi\u00f3n de los Particulares&nbsp;&nbsp;y con la finalidad de dar a conocer el tratamiento que se le dar\u00e1 a los datos personales y\/o sensibles&nbsp;&nbsp;de quienes solicitan sus servicios de asesor\u00eda jur\u00eddica, talleres, presencian y\/o participan en foros, seminarios, conferencias de prensa y\/u cualquier tipo de evento p\u00fablico realizado dentro y fuera de sus instalaciones, as\u00ed como de quienes solicitan material y\/o informaci\u00f3n de nuestra labor y de quienes apoyan nuestra labor a trav\u00e9s de donativos en l\u00ednea o de manera personal, hace de su conocimiento su aviso de privacidad.<\/p>\n\n\n\n<p>Para las finalidades se\u00f1aladas en el presente aviso de privacidad, podemos recabar sus datos personales cuando son proporcionados directamente por usted en nuestras instalaciones o fuera de ellas en distintas sedes donde se llevan a cabo nuestros foros, talleres, seminarios, conferencias, o bien, a trav\u00e9s de la atenci\u00f3n telef\u00f3nica y\/o electr\u00f3nica. De igual manera, deber\u00e1 proporcionar algunos datos al solicitarnos material y\/o informaci\u00f3n del Centro de derechos Humanos de las Mujeres A.C.<\/p>\n\n\n\n<p><\/p>\n\n\n\n<p><strong>Finalidad del tratamiento de datos personales<\/strong><\/p>\n\n\n\n<p>Los datos personales que recabamos de manera directa (proporcionados por usted), tienen como finalidad identificar cada caso o situaci\u00f3n que nos es expuesta, conocer el alcance y tipo de p\u00fablico que tiene el Centro, as\u00ed como formar parte de nuestras bases de datos para elaborar informes financieros, informes ante financiadoras y organizaciones donantes, material de promoci\u00f3n, talleres y difusi\u00f3n (audiovisual o impreso), generar bases de datos segmentadas para enviarle nuestros comunicados de prensa, invitaciones a eventos y actualizaciones del Sistema Integral de Informaci\u00f3n en Derechos Humanos.<\/p>\n\n\n\n<p>Para las finalidades se\u00f1aladas en el presente aviso de privacidad, podemos recabar sus datos personales de las siguientes maneras: cuando usted nos los proporciona directamente, a trav\u00e9s del formato de entrevista inicial al solicitar una asesor\u00eda o trav\u00e9s de una relator\u00eda y\/o ficha, o bien cuando se registra en nuestras oficinas al asistir a alg\u00fan evento, al pagar un servicio prestado por usted, asimismo, podemos recoger sus datos cuando realiza un donativo.<\/p>\n\n\n\n<p>Se entender\u00e1 por \u201cdatos personales\u201d a aquellos que se refieren a la informaci\u00f3n concerniente a una persona f\u00edsica identificada o identificable, y por datos personales sensibles, aquellos que afecten a la esfera m\u00e1s \u00edntima de su titular, o cuya utilizaci\u00f3n indebida pueda dar origen a discriminaci\u00f3n o conlleve un riesgo grave. Ante ello, el CEDEHM se compromete a que los mismos ser\u00e1n tratados bajo las m\u00e1s estrictas medidas de seguridad que garanticen su confidencialidad.<\/p>\n\n\n\n<p>Por lo que, al proporcionar sus datos personales, tales como:<\/p>\n\n\n\n<ol class=\"wp-block-list\" type=\"1\"><li>Nombre Completo.<\/li><li>Edad<\/li><li>Lugar de nacimiento<\/li><li>Domicilio actual<\/li><li>Datos laborales<\/li><li>Tel\u00e9fonos del hogar, oficina y m\u00f3viles<\/li><li>Correo electr\u00f3nico<\/li><li>Estado civil<\/li><li>Nacionalidad<\/li><li>Datos acad\u00e9micos<\/li><\/ol>\n\n\n\n<p>Estos ser\u00e1n utilizados \u00fanica y exclusivamente para los siguientes fines:<\/p>\n\n\n\n<p>Con la finalidad de tener una base de Informaci\u00f3n y prestaci\u00f3n de Servicio internos de la asociaci\u00f3n, actualizar la base de datos, informe a las financiadoras y organizaciones donantes, recabar informaci\u00f3n sobre el p\u00fablico que atiende a nuestros eventos y\/o talleres, as\u00ed como para el pago de servicios prestados al CEDEHM.&nbsp;<\/p>\n\n\n\n<p>En el caso de datos sensibles, tales como:<\/p>\n\n\n\n<ol class=\"wp-block-list\" type=\"1\"><li>Datos Financieros (Ingresos, Estados de Cuenta, cuenta bancaria y dem\u00e1s relacionados)<\/li><li>Datos Patrimoniales (Bienes Materiales, Inmuebles, y dem\u00e1s relacionados)<\/li><li>Datos Personales (C\u00f3nyuge, Estado Civil, Nacionalidad, Educaci\u00f3n, Hijos, y dem\u00e1s relacionados).<\/li><li>Referencias familiares y no familiares (Nombre, Direcci\u00f3n, Tel\u00e9fono, relaci\u00f3n, etc.).<\/li><li>Estado de salud<\/li><li>Creencia religiosa<\/li><li>Canalizaci\u00f3n a instituciones<\/li><li>Datos del victimario<\/li><li>Fotograf\u00edas<\/li><li>Videos<\/li><li>&nbsp;En general cualquier otra que sirva de referencia para alguna estrategia tanto jur\u00eddica como psicol\u00f3gica.<\/li><\/ol>\n\n\n\n<p>Estos ser\u00e1n utilizados \u00fanica y exclusivamente para los siguientes fines:<\/p>\n\n\n\n<p>La finalidad de recoger datos personales sensibles de algunas personas se divide en dos dependiendo del caso que se trate: la primera es conocer la situaci\u00f3n espec\u00edfica de quienes solicitan nuestros servicios legales para poder orientarles y\/o apoyarles de manera adecuada y en base a toda la informaci\u00f3n que nos proporcione elaborar estrategias psico-jur\u00eddicas bien definidas que se deriven de un conocimiento profundo de cada situaci\u00f3n. La segunda es para quienes asisten a nuestros procesos educativos, ya que esta informaci\u00f3n nos permite elaborar informes, bases de datos y material educativo y de difusi\u00f3n (impreso, visual, de audio y audiovisual) para determinar el impacto de nuestro trabajo con las comunidades y con ello generar espacios que les sean \u00fatiles.<\/p>\n\n\n\n<p><strong>Transferencia de datos personales a terceros<\/strong><\/p>\n\n\n\n<p>El Centro de Derechos Humanos de las Mujeres A.C., hace de su conocimiento que puede realizar transferencias de datos personales a terceros con fines de difusi\u00f3n y estad\u00edsticos. En ese sentido su informaci\u00f3n puede ser compartida con otras organizaciones de defensa de los derechos humanos \u00fanicamente bajo solicitud expresa con la finalidad de compartir nuestras redes de contactos.<\/p>\n\n\n\n<p>As\u00ed mismo el Centro de Derechos Humanos de las Mujeres, hace de su conocimiento estar constituida como una asociaci\u00f3n civil, la cual como base de su financiamiento presenta proyectos a organizaciones y\/o financieras donantes internacionales quienes le piden informes cada cierto tiempo los cuales pueden contener datos personales los mismos que son usados con la mayor precauci\u00f3n posible y exclusivamente para este fin estad\u00edstico.<\/p>\n\n\n\n<p>Trat\u00e1ndose de eventos p\u00fablicos, para los que se ha convocado a medios de comunicaci\u00f3n, o bien, para los que hay instrucci\u00f3n de transmitir por Facebook Live o brindar difusi\u00f3n a trav\u00e9s de redes sociales, las fotograf\u00edas y\/o videos se publican en Instagram, Twitter, Facebook, blog, en la p\u00e1gina web del CEDEHM y el bolet\u00edn del CEDEHM.<\/p>\n\n\n\n<p>Reuniones de trabajo de car\u00e1cter privado con instituciones, organismos, organizaciones de la sociedad civil y\/o personas beneficiaras, as\u00ed como talleres y sesiones de acompa\u00f1amiento psicosocial a personas beneficiarias o en situaci\u00f3n de riesgo, se fotograf\u00edan y se archivan, pero NO se publican en redes sociales. Sin embargo, estas fotograf\u00edas pueden tambi\u00e9n ser requeridas para material educativo y de difusi\u00f3n (impreso, visual, de audio y audiovisual) se\u00f1alando que en dado caso se utiliza formato de carta de autorizaci\u00f3n para la publicaci\u00f3n de dicho material.<\/p>\n\n\n\n<p>S\u00f3lo se proporciona a estas organizaciones y\/o financiadoras la informaci\u00f3n personal necesaria para la finalidad antes descrita, exigi\u00e9ndoles guardar confidencialidad durante su tratamiento y abstenci\u00f3n de malos usos.<\/p>\n\n\n\n<p><strong>Procedimiento para ejercer su derecho de Acceso, Rectificaci\u00f3n, Cancelaci\u00f3n y Oposici\u00f3n (ARCO)<\/strong><\/p>\n\n\n\n<p>Usted tiene derecho de acceder, rectificar y cancelar sus datos personales, limitar su uso o divulgaci\u00f3n, as\u00ed como a oponerse al tratamiento de los mismos o revocar el consentimiento que para tales fines nos haya otorgado en cualquier momento, escribiendo a&nbsp; la direcci\u00f3n de correo electr\u00f3nico:&nbsp; &nbsp;&nbsp;<a href=\"mailto:cedehm@cedehm.org.mx\">cedehm@cedehm.org.mx<\/a>&nbsp;o entregando un escrito en la oficina del Av. Ju\u00e1rez No. 4107. Col. Centro Chihuahua, C.P. 31000, Chih., Chihuahua en atenci\u00f3n a la Encargada de Tratamiento de Datos Personales, quien responder\u00e1 a su solicitud en un periodo no mayor a 20 d\u00edas h\u00e1biles.<\/p>\n\n\n\n<p>Es importante que en su escrito nos deje alg\u00fan dato de contacto para responder a su solicitud. Usted deber\u00e1 de cubrir los gastos justificados de env\u00edo o el costo de reproducci\u00f3n en copias u otros formatos y, en su caso, el costo de la certificaci\u00f3n de documentos.<\/p>\n\n\n\n<p><strong>Cambios en el Aviso de Privacidad<\/strong><\/p>\n\n\n\n<p>Nos reservamos el derecho de efectuar en cualquier momento modificaciones o actualizaciones al presente aviso de privacidad, para la atenci\u00f3n de novedades legislativas, pol\u00edticas internas o nuevos requerimientos para la prestaci\u00f3n de nuestros servicios.<\/p>\n\n\n\n<p>Estas modificaciones estar\u00e1n disponibles al p\u00fablico a trav\u00e9s de nuestra p\u00e1gina en internet&nbsp;<a href=\"http:\/\/www.cedehm.org.mx\">www.cedehm.org.mx<\/a>, por correo electr\u00f3nico, y\/o en anuncios, tr\u00edpticos o folletos visibles en nuestras instalaciones, as\u00ed como en los lugares en donde llevemos a cabo actividades que requieran recabar datos personales.<\/p>\n\n\n\n<p>Al momento de proporcionar sus Datos Personales al El Centro de Derechos Humanos de las Mujeres A.C., usted fue informado del contenido del presente Aviso de Privacidad, por lo que se entiende que el usuario ha manifestado su conformidad con lo estipulado en \u00e9l y ha otorgado su consentimiento para que el CEDEHM utilice los mencionados datos en t\u00e9rminos del presente aviso.<\/p>\n\n\n\n<p>Si usted considera que su derecho de protecci\u00f3n de datos personales ha sido lesionado por alguna conducta de nuestros empleados o de nuestras actuaciones o respuestas, presume que en el tratamientos de sus datos personales existe alguna violaci\u00f3n a las disposiciones previstas en la Ley Federal de Protecci\u00f3n de Datos Personales en Posesi\u00f3n de los Particulares, podr\u00e1 interponer la queja o denuncia correspondiente ante el IFAI, para mayor informaci\u00f3n visite&nbsp;<a href=\"http:\/\/www.ifai.org.mx\/\">www.ifai.org.mx<\/a><\/p>\n","protected":false},"excerpt":{"rendered":"<p>El Centro de Derechos Humanos de las Mujeres A.C. (en adelante \u201cCEDEHM\u201d o \u201cEl Centro\u201d) es una asociaci\u00f3n civil sin fines de lucro, con domicilio en Av. Ju\u00e1rez No. 4107. Col. Centro Chihuahua, C.P. 31000, Chih., Chihuahua; en cumplimiento con lo establecido por la Ley Federal de Protecci\u00f3n de Datos Personales en Posesi\u00f3n de los [&hellip;]<\/p>\n","protected":false},"author":1,"featured_media":0,"parent":0,"menu_order":0,"comment_status":"closed","ping_status":"open","template":"","meta":{"footnotes":""},"class_list":["post-3","page","type-page","status-publish","hentry"],"_links":{"self":[{"href":"https:\/\/cedehm.org.mx\/es\/wp-json\/wp\/v2\/pages\/3","targetHints":{"allow":["GET"]}}],"collection":[{"href":"https:\/\/cedehm.org.mx\/es\/wp-json\/wp\/v2\/pages"}],"about":[{"href":"https:\/\/cedehm.org.mx\/es\/wp-json\/wp\/v2\/types\/page"}],"author":[{"embeddable":true,"href":"https:\/\/cedehm.org.mx\/es\/wp-json\/wp\/v2\/users\/1"}],"replies":[{"embeddable":true,"href":"https:\/\/cedehm.org.mx\/es\/wp-json\/wp\/v2\/comments?post=3"}],"version-history":[{"count":0,"href":"https:\/\/cedehm.org.mx\/es\/wp-json\/wp\/v2\/pages\/3\/revisions"}],"wp:attachment":[{"href":"https:\/\/cedehm.org.mx\/es\/wp-json\/wp\/v2\/media?parent=3"}],"curies":[{"name":"wp","href":"https:\/\/api.w.org\/{rel}","templated":true}]}}